{"id":93,"date":"2025-05-14T21:45:15","date_gmt":"2025-05-14T19:45:15","guid":{"rendered":"https:\/\/lilotpilates.com\/?page_id=93"},"modified":"2025-06-03T13:24:31","modified_gmt":"2025-06-03T11:24:31","slug":"autres-domicile-evjf-anniversaire","status":"publish","type":"page","link":"https:\/\/lilotpilates.com\/index.php\/autres-domicile-evjf-anniversaire\/","title":{"rendered":"Pilates \u00e0 domicile et autres \u00e9v\u00e8nements (EVJF, anniversaire&#8230;)"},"content":{"rendered":"\n<p class=\"has-text-align-center\">Vous souhaitez pratiquer la m\u00e9thode Pilates <strong>\u00e0 votre domicile<\/strong> ou bien encore organiser un cours de Pilates <strong>pour un \u00e9v\u00e8nement particulier <\/strong>(en famille, entre amis, \u00e0 l&rsquo;occasion d&rsquo;un enterrement de vie de jeune fille, d&rsquo;un anniversaire, de vacances en Vend\u00e9e ou autre&#8230;) ?<\/p>\n\n\n\n<p class=\"has-text-align-center\"><a href=\"https:\/\/lilotpilates.com\/index.php\/contact-reservation\/\" data-type=\"page\" data-id=\"31\">Contactez moi<\/a> pour planifier un cours ensemble.<\/p>\n\n\n\n<p class=\"has-text-align-center\">J&rsquo;aurai plaisir \u00e0 vous pr\u00e9parer un cours adapt\u00e9 en fonction de vos attentes.<\/p>\n\n\n\n<p class=\"has-text-align-center\">La <a href=\"https:\/\/lilotpilates.com\/index.php\/la-methode\/\" data-type=\"page\" data-id=\"59\">m\u00e9thode Pilates<\/a> peut-\u00eatre pratiqu\u00e9e par tous, \u00e0 tout \u00e2ge et s&rsquo;adapte \u00e0 tous les niveaux.<\/p>\n\n\n<div class=\"wp-block-image\">\n<figure class=\"aligncenter size-large is-resized\"><img loading=\"lazy\" decoding=\"async\" width=\"1024\" height=\"683\" src=\"https:\/\/lilotpilates.com\/wp-content\/uploads\/2025\/05\/medium-shot-fit-women-training-together-1024x683.jpg\" alt=\"\" class=\"wp-image-282\" style=\"width:504px;height:auto\" srcset=\"https:\/\/lilotpilates.com\/wp-content\/uploads\/2025\/05\/medium-shot-fit-women-training-together-1024x683.jpg 1024w, https:\/\/lilotpilates.com\/wp-content\/uploads\/2025\/05\/medium-shot-fit-women-training-together-300x200.jpg 300w, https:\/\/lilotpilates.com\/wp-content\/uploads\/2025\/05\/medium-shot-fit-women-training-together-768x512.jpg 768w, https:\/\/lilotpilates.com\/wp-content\/uploads\/2025\/05\/medium-shot-fit-women-training-together-1536x1024.jpg 1536w\" sizes=\"auto, (max-width: 1024px) 100vw, 1024px\" \/><\/figure>\n<\/div>\n\n\n<p><\/p>\n\n\n\n<p class=\"has-text-align-center\">Suivez toute l&rsquo;actualit\u00e9 des cours de Pilates et \u00e9v\u00e8nements sur les r\u00e9seaux sociaux :<\/p>\n\n\n\n<p class=\"has-text-align-center\"><a href=\"https:\/\/www.facebook.com\/profile.php?id=61560023410142\">Facebook<\/a><\/p>\n\n\n\n<p class=\"has-text-align-center\"><a href=\"https:\/\/www.instagram.com\/lilotpilates.fanny.chouinard\/\">Instagram<\/a><\/p>\n","protected":false},"excerpt":{"rendered":"<p>Vous souhaitez pratiquer la m\u00e9thode Pilates \u00e0 votre domicile ou bien encore organiser un cours de Pilates pour un \u00e9v\u00e8nement particulier (en famille, entre amis, \u00e0 l&rsquo;occasion d&rsquo;un enterrement de vie de jeune fille, d&rsquo;un anniversaire, de vacances en Vend\u00e9e ou autre&#8230;) ? Contactez moi pour planifier un cours ensemble. J&rsquo;aurai plaisir \u00e0 vous pr\u00e9parer &hellip; <\/p>\n","protected":false},"author":1,"featured_media":0,"parent":0,"menu_order":0,"comment_status":"closed","ping_status":"closed","template":"","meta":{"footnotes":""},"class_list":["post-93","page","type-page","status-publish","hentry"],"yoast_head":"<!-- This site is optimized with the Yoast SEO plugin v27.4 - https:\/\/yoast.com\/product\/yoast-seo-wordpress\/ -->\n<title>Pilates \u00e0 domicile et autres \u00e9v\u00e8nements (EVJF, anniversaire...) - L\u2019\u00eelot Pilates<\/title>\n<meta name=\"description\" content=\"Pratiquer la m\u00e9thode Pilates \u00e0 domicile, seul, en famille ou entre amis : planifiez la date et pratiquez un cours adapt\u00e9 \u00e0 vos envies !\" \/>\n<meta name=\"robots\" content=\"index, follow, max-snippet:-1, max-image-preview:large, max-video-preview:-1\" \/>\n<link rel=\"canonical\" href=\"https:\/\/lilotpilates.com\/index.php\/autres-domicile-evjf-anniversaire\/\" \/>\n<meta property=\"og:locale\" content=\"fr_FR\" \/>\n<meta property=\"og:type\" content=\"article\" \/>\n<meta property=\"og:title\" content=\"Pilates \u00e0 domicile et autres \u00e9v\u00e8nements (EVJF, anniversaire...) - L\u2019\u00eelot Pilates\" \/>\n<meta property=\"og:description\" content=\"Pratiquer la m\u00e9thode Pilates \u00e0 domicile, seul, en famille ou entre amis : planifiez la date et pratiquez un cours adapt\u00e9 \u00e0 vos envies !\" \/>\n<meta property=\"og:url\" content=\"https:\/\/lilotpilates.com\/index.php\/autres-domicile-evjf-anniversaire\/\" \/>\n<meta property=\"og:site_name\" content=\"L\u2019\u00eelot Pilates\" \/>\n<meta property=\"article:modified_time\" content=\"2025-06-03T11:24:31+00:00\" \/>\n<meta property=\"og:image\" content=\"https:\/\/lilotpilates.com\/wp-content\/uploads\/2025\/05\/medium-shot-fit-women-training-together-scaled.jpg\" \/>\n\t<meta property=\"og:image:width\" content=\"2560\" \/>\n\t<meta property=\"og:image:height\" content=\"1707\" \/>\n\t<meta property=\"og:image:type\" content=\"image\/jpeg\" \/>\n<meta name=\"twitter:card\" content=\"summary_large_image\" \/>\n<meta name=\"twitter:label1\" content=\"Dur\u00e9e de lecture estim\u00e9e\" \/>\n\t<meta name=\"twitter:data1\" content=\"1 minute\" \/>\n<script type=\"application\/ld+json\" class=\"yoast-schema-graph\">{\"@context\":\"https:\\\/\\\/schema.org\",\"@graph\":[{\"@type\":\"WebPage\",\"@id\":\"https:\\\/\\\/lilotpilates.com\\\/index.php\\\/autres-domicile-evjf-anniversaire\\\/\",\"url\":\"https:\\\/\\\/lilotpilates.com\\\/index.php\\\/autres-domicile-evjf-anniversaire\\\/\",\"name\":\"Pilates \u00e0 domicile et autres \u00e9v\u00e8nements (EVJF, anniversaire...) - L\u2019\u00eelot Pilates\",\"isPartOf\":{\"@id\":\"https:\\\/\\\/lilotpilates.com\\\/#website\"},\"primaryImageOfPage\":{\"@id\":\"https:\\\/\\\/lilotpilates.com\\\/index.php\\\/autres-domicile-evjf-anniversaire\\\/#primaryimage\"},\"image\":{\"@id\":\"https:\\\/\\\/lilotpilates.com\\\/index.php\\\/autres-domicile-evjf-anniversaire\\\/#primaryimage\"},\"thumbnailUrl\":\"https:\\\/\\\/lilotpilates.com\\\/wp-content\\\/uploads\\\/2025\\\/05\\\/medium-shot-fit-women-training-together-1024x683.jpg\",\"datePublished\":\"2025-05-14T19:45:15+00:00\",\"dateModified\":\"2025-06-03T11:24:31+00:00\",\"description\":\"Pratiquer la m\u00e9thode Pilates \u00e0 domicile, seul, en famille ou entre amis : planifiez la date et pratiquez un cours adapt\u00e9 \u00e0 vos envies !\",\"breadcrumb\":{\"@id\":\"https:\\\/\\\/lilotpilates.com\\\/index.php\\\/autres-domicile-evjf-anniversaire\\\/#breadcrumb\"},\"inLanguage\":\"fr-FR\",\"potentialAction\":[{\"@type\":\"ReadAction\",\"target\":[\"https:\\\/\\\/lilotpilates.com\\\/index.php\\\/autres-domicile-evjf-anniversaire\\\/\"]}]},{\"@type\":\"ImageObject\",\"inLanguage\":\"fr-FR\",\"@id\":\"https:\\\/\\\/lilotpilates.com\\\/index.php\\\/autres-domicile-evjf-anniversaire\\\/#primaryimage\",\"url\":\"https:\\\/\\\/lilotpilates.com\\\/wp-content\\\/uploads\\\/2025\\\/05\\\/medium-shot-fit-women-training-together-scaled.jpg\",\"contentUrl\":\"https:\\\/\\\/lilotpilates.com\\\/wp-content\\\/uploads\\\/2025\\\/05\\\/medium-shot-fit-women-training-together-scaled.jpg\",\"width\":2560,\"height\":1707},{\"@type\":\"BreadcrumbList\",\"@id\":\"https:\\\/\\\/lilotpilates.com\\\/index.php\\\/autres-domicile-evjf-anniversaire\\\/#breadcrumb\",\"itemListElement\":[{\"@type\":\"ListItem\",\"position\":1,\"name\":\"Accueil\",\"item\":\"https:\\\/\\\/lilotpilates.com\\\/\"},{\"@type\":\"ListItem\",\"position\":2,\"name\":\"Pilates \u00e0 domicile et autres \u00e9v\u00e8nements (EVJF, anniversaire&#8230;)\"}]},{\"@type\":\"WebSite\",\"@id\":\"https:\\\/\\\/lilotpilates.com\\\/#website\",\"url\":\"https:\\\/\\\/lilotpilates.com\\\/\",\"name\":\"L\u2019\u00eelot Pilates\",\"description\":\"Respirer. Bouger. Se renforcer.\",\"potentialAction\":[{\"@type\":\"SearchAction\",\"target\":{\"@type\":\"EntryPoint\",\"urlTemplate\":\"https:\\\/\\\/lilotpilates.com\\\/?s={search_term_string}\"},\"query-input\":{\"@type\":\"PropertyValueSpecification\",\"valueRequired\":true,\"valueName\":\"search_term_string\"}}],\"inLanguage\":\"fr-FR\"}]}<\/script>\n<!-- \/ Yoast SEO plugin. -->","yoast_head_json":{"title":"Pilates \u00e0 domicile et autres \u00e9v\u00e8nements (EVJF, anniversaire...) - L\u2019\u00eelot Pilates","description":"Pratiquer la m\u00e9thode Pilates \u00e0 domicile, seul, en famille ou entre amis : planifiez la date et pratiquez un cours adapt\u00e9 \u00e0 vos envies !","robots":{"index":"index","follow":"follow","max-snippet":"max-snippet:-1","max-image-preview":"max-image-preview:large","max-video-preview":"max-video-preview:-1"},"canonical":"https:\/\/lilotpilates.com\/index.php\/autres-domicile-evjf-anniversaire\/","og_locale":"fr_FR","og_type":"article","og_title":"Pilates \u00e0 domicile et autres \u00e9v\u00e8nements (EVJF, anniversaire...) - L\u2019\u00eelot Pilates","og_description":"Pratiquer la m\u00e9thode Pilates \u00e0 domicile, seul, en famille ou entre amis : planifiez la date et pratiquez un cours adapt\u00e9 \u00e0 vos envies !","og_url":"https:\/\/lilotpilates.com\/index.php\/autres-domicile-evjf-anniversaire\/","og_site_name":"L\u2019\u00eelot Pilates","article_modified_time":"2025-06-03T11:24:31+00:00","og_image":[{"width":2560,"height":1707,"url":"https:\/\/lilotpilates.com\/wp-content\/uploads\/2025\/05\/medium-shot-fit-women-training-together-scaled.jpg","type":"image\/jpeg"}],"twitter_card":"summary_large_image","twitter_misc":{"Dur\u00e9e de lecture estim\u00e9e":"1 minute"},"schema":{"@context":"https:\/\/schema.org","@graph":[{"@type":"WebPage","@id":"https:\/\/lilotpilates.com\/index.php\/autres-domicile-evjf-anniversaire\/","url":"https:\/\/lilotpilates.com\/index.php\/autres-domicile-evjf-anniversaire\/","name":"Pilates \u00e0 domicile et autres \u00e9v\u00e8nements (EVJF, anniversaire...) - L\u2019\u00eelot Pilates","isPartOf":{"@id":"https:\/\/lilotpilates.com\/#website"},"primaryImageOfPage":{"@id":"https:\/\/lilotpilates.com\/index.php\/autres-domicile-evjf-anniversaire\/#primaryimage"},"image":{"@id":"https:\/\/lilotpilates.com\/index.php\/autres-domicile-evjf-anniversaire\/#primaryimage"},"thumbnailUrl":"https:\/\/lilotpilates.com\/wp-content\/uploads\/2025\/05\/medium-shot-fit-women-training-together-1024x683.jpg","datePublished":"2025-05-14T19:45:15+00:00","dateModified":"2025-06-03T11:24:31+00:00","description":"Pratiquer la m\u00e9thode Pilates \u00e0 domicile, seul, en famille ou entre amis : planifiez la date et pratiquez un cours adapt\u00e9 \u00e0 vos envies !","breadcrumb":{"@id":"https:\/\/lilotpilates.com\/index.php\/autres-domicile-evjf-anniversaire\/#breadcrumb"},"inLanguage":"fr-FR","potentialAction":[{"@type":"ReadAction","target":["https:\/\/lilotpilates.com\/index.php\/autres-domicile-evjf-anniversaire\/"]}]},{"@type":"ImageObject","inLanguage":"fr-FR","@id":"https:\/\/lilotpilates.com\/index.php\/autres-domicile-evjf-anniversaire\/#primaryimage","url":"https:\/\/lilotpilates.com\/wp-content\/uploads\/2025\/05\/medium-shot-fit-women-training-together-scaled.jpg","contentUrl":"https:\/\/lilotpilates.com\/wp-content\/uploads\/2025\/05\/medium-shot-fit-women-training-together-scaled.jpg","width":2560,"height":1707},{"@type":"BreadcrumbList","@id":"https:\/\/lilotpilates.com\/index.php\/autres-domicile-evjf-anniversaire\/#breadcrumb","itemListElement":[{"@type":"ListItem","position":1,"name":"Accueil","item":"https:\/\/lilotpilates.com\/"},{"@type":"ListItem","position":2,"name":"Pilates \u00e0 domicile et autres \u00e9v\u00e8nements (EVJF, anniversaire&#8230;)"}]},{"@type":"WebSite","@id":"https:\/\/lilotpilates.com\/#website","url":"https:\/\/lilotpilates.com\/","name":"L\u2019\u00eelot Pilates","description":"Respirer. Bouger. Se renforcer.","potentialAction":[{"@type":"SearchAction","target":{"@type":"EntryPoint","urlTemplate":"https:\/\/lilotpilates.com\/?s={search_term_string}"},"query-input":{"@type":"PropertyValueSpecification","valueRequired":true,"valueName":"search_term_string"}}],"inLanguage":"fr-FR"}]}},"_links":{"self":[{"href":"https:\/\/lilotpilates.com\/index.php\/wp-json\/wp\/v2\/pages\/93","targetHints":{"allow":["GET"]}}],"collection":[{"href":"https:\/\/lilotpilates.com\/index.php\/wp-json\/wp\/v2\/pages"}],"about":[{"href":"https:\/\/lilotpilates.com\/index.php\/wp-json\/wp\/v2\/types\/page"}],"author":[{"embeddable":true,"href":"https:\/\/lilotpilates.com\/index.php\/wp-json\/wp\/v2\/users\/1"}],"replies":[{"embeddable":true,"href":"https:\/\/lilotpilates.com\/index.php\/wp-json\/wp\/v2\/comments?post=93"}],"version-history":[{"count":14,"href":"https:\/\/lilotpilates.com\/index.php\/wp-json\/wp\/v2\/pages\/93\/revisions"}],"predecessor-version":[{"id":413,"href":"https:\/\/lilotpilates.com\/index.php\/wp-json\/wp\/v2\/pages\/93\/revisions\/413"}],"wp:attachment":[{"href":"https:\/\/lilotpilates.com\/index.php\/wp-json\/wp\/v2\/media?parent=93"}],"curies":[{"name":"wp","href":"https:\/\/api.w.org\/{rel}","templated":true}]}}