{"id":91,"date":"2025-05-14T21:45:15","date_gmt":"2025-05-14T19:45:15","guid":{"rendered":"https:\/\/lilotpilates.com\/?page_id=91"},"modified":"2025-06-04T15:36:01","modified_gmt":"2025-06-04T13:36:01","slug":"pilates-en-entreprise","status":"publish","type":"page","link":"https:\/\/lilotpilates.com\/index.php\/pilates-en-entreprise\/","title":{"rendered":"Pilates en entreprise"},"content":{"rendered":"\n<p><strong>Objectif : Am\u00e9liorer la Qualit\u00e9 de Vie au Travail (QVT) et pr\u00e9venir les troubles musculosquelettiques (TMS)<\/strong> gr\u00e2ce \u00e0 la pratique du Pilates en entreprise<\/p>\n\n\n\n<p>La pratique d\u2019un sport en entreprise permet d\u2019am\u00e9liorer la sant\u00e9, la Qualit\u00e9 de Vie au Travail (<a href=\"https:\/\/sante.gouv.fr\/IMG\/pdf\/guide-qvt-2019.pdf\" target=\"_blank\" rel=\"noreferrer noopener\">QVT<\/a>) et le bien-\u00eatre des salari\u00e9s.<br>Selon l\u2019<a href=\"https:\/\/www.anses.fr\/fr\/thematique\/sante-et-travail\">ANSES <\/a>(l\u2019Agence nationale de s\u00e9curit\u00e9 sanitaire de l\u2019alimentation, de l\u2019environnement et du travail), 95% de la population fran\u00e7aise serait \u00ab <em>expos\u00e9e \u00e0 un <\/em><strong><em>risque de d\u00e9t\u00e9rioration de la sant\u00e9 par manque d\u2019activit\u00e9 physique ou d\u2019un temps trop long pass\u00e9 assis <\/em>\u00bb.<\/strong><\/p>\n\n\n\n<p>La <a href=\"https:\/\/lilotpilates.com\/index.php\/la-methode-pilates\/\">m\u00e9thode Pilates<\/a> est une discipline sportive qui peut se pratiquer en entreprise, de mani\u00e8re quotidienne (le matin, \u00e0 la pause d\u00e9jeuner, ou le soir), ou bien ponctuellement dans le cadre d\u2019un s\u00e9minaire, team-building ou autre \u00e9v\u00e8nement sp\u00e9cifique organis\u00e9 par l\u2019entreprise.<\/p>\n\n\n<div class=\"wp-block-image\">\n<figure class=\"aligncenter size-large is-resized\"><img loading=\"lazy\" decoding=\"async\" width=\"1024\" height=\"683\" src=\"https:\/\/lilotpilates.com\/wp-content\/uploads\/2025\/05\/Pilates-group-young-sporty-people-sukhasana-close-up-1024x683.jpg\" alt=\"\" class=\"wp-image-224\" style=\"width:597px;height:auto\" srcset=\"https:\/\/lilotpilates.com\/wp-content\/uploads\/2025\/05\/Pilates-group-young-sporty-people-sukhasana-close-up-1024x683.jpg 1024w, https:\/\/lilotpilates.com\/wp-content\/uploads\/2025\/05\/Pilates-group-young-sporty-people-sukhasana-close-up-300x200.jpg 300w, https:\/\/lilotpilates.com\/wp-content\/uploads\/2025\/05\/Pilates-group-young-sporty-people-sukhasana-close-up-768x512.jpg 768w, https:\/\/lilotpilates.com\/wp-content\/uploads\/2025\/05\/Pilates-group-young-sporty-people-sukhasana-close-up-1536x1024.jpg 1536w, https:\/\/lilotpilates.com\/wp-content\/uploads\/2025\/05\/Pilates-group-young-sporty-people-sukhasana-close-up-2048x1365.jpg 2048w, https:\/\/lilotpilates.com\/wp-content\/uploads\/2025\/05\/Pilates-group-young-sporty-people-sukhasana-close-up-90x60.jpg 90w\" sizes=\"auto, (max-width: 1024px) 100vw, 1024px\" \/><\/figure>\n<\/div>\n\n\n<p><\/p>\n\n\n\n<p>Le Pilates est un bon moyen de limiter les effets n\u00e9fastes de la s\u00e9dentarit\u00e9 et de <strong>pr\u00e9venir certains troubles musculosquelettiques ou risques psychosociaux : renforcement musculaire, am\u00e9lioration de la souplesse, r\u00e9duction du stress, d\u00e9tente et relaxation.<\/strong><\/p>\n\n\n\n<p>Une s\u00e9ance de Pilates va permettre \u00e0 vos salari\u00e9s de ralentir, de prendre une pause, de respirer, de s&rsquo;\u00e9tirer, de se concentrer sur leurs sensations et de r\u00e9duire les \u00e9ventuelles tensions dans leur corps. Le temps d\u2019une pause, les salari\u00e9s ressentiront ainsi tous les bienfaits de la m\u00e9thode.<\/p>\n\n\n\n<p>La <a href=\"https:\/\/lilotpilates.com\/index.php\/la-methode-pilates\/\">m\u00e9thode Pilates<\/a> <strong>s\u2019adapte \u00e0 tous<\/strong>, elle permet de pallier le manque d\u2019activit\u00e9s physiques pour certains de vos salari\u00e9s et contribue \u00e0 <strong>une meilleure forme physique globale.<\/strong><\/p>\n\n\n\n<p>La pratique du sport en entreprise c\u2019est aussi l\u2019occasion de <a href=\"https:\/\/lilotpilates.com\/index.php\/autres-domicile-evjf-anniversaire\/\">partager un moment de d\u00e9tente<\/a> avec ses coll\u00e8gues, de cr\u00e9er une coh\u00e9sion d\u2019\u00e9quipe.<\/p>\n\n\n<div class=\"wp-block-image\">\n<figure class=\"aligncenter size-large is-resized\"><img loading=\"lazy\" decoding=\"async\" width=\"1024\" height=\"576\" src=\"https:\/\/lilotpilates.com\/wp-content\/uploads\/2025\/05\/PERSON1-1024x576.jpg\" alt=\"\" class=\"wp-image-227\" style=\"width:620px;height:auto\" srcset=\"https:\/\/lilotpilates.com\/wp-content\/uploads\/2025\/05\/PERSON1-1024x576.jpg 1024w, https:\/\/lilotpilates.com\/wp-content\/uploads\/2025\/05\/PERSON1-300x169.jpg 300w, https:\/\/lilotpilates.com\/wp-content\/uploads\/2025\/05\/PERSON1-768x432.jpg 768w, https:\/\/lilotpilates.com\/wp-content\/uploads\/2025\/05\/PERSON1-1536x864.jpg 1536w, https:\/\/lilotpilates.com\/wp-content\/uploads\/2025\/05\/PERSON1-2048x1152.jpg 2048w, https:\/\/lilotpilates.com\/wp-content\/uploads\/2025\/05\/PERSON1-107x60.jpg 107w\" sizes=\"auto, (max-width: 1024px) 100vw, 1024px\" \/><\/figure>\n<\/div>\n\n\n<h2 class=\"wp-block-heading\"><strong>Pilates \u00e0 l&rsquo;ann\u00e9e ou en \u00e9v\u00e8nementiel aux Sables d&rsquo;Olonne<\/strong><\/h2>\n\n\n\n<p>Pour d\u00e9finir votre besoin et mettre en place des s\u00e9ances de <a href=\"https:\/\/lilotpilates.com\/index.php\/pilates-sur-tapis\/\">Pilates sur tapis<\/a> pour vos salari\u00e9s, aux Sables d&rsquo;Olonne, en Vend\u00e9e, \u00e0 Nantes ou ailleurs, <a data-type=\"page\" data-id=\"31\" href=\"https:\/\/lilotpilates.com\/index.php\/contact-reservation\/\">contactez-moi<\/a>. Nous d\u00e9finirons ensemble vos besoins et attentes, pour des cours \u00e0 l&rsquo;ann\u00e9e ou pour un cours ponctuel lors d&rsquo;un s\u00e9minaire, team-building ou autre \u00e9v\u00e8nement de communication interne.<\/p>\n\n\n\n<p>En savoir sur : <a href=\"https:\/\/lilotpilates.com\/index.php\/la-methode\/\" data-type=\"page\" data-id=\"59\">La m\u00e9thode Pilates<\/a><\/p>\n","protected":false},"excerpt":{"rendered":"<p>Objectif : Am\u00e9liorer la Qualit\u00e9 de Vie au Travail (QVT) et pr\u00e9venir les troubles musculosquelettiques (TMS) gr\u00e2ce \u00e0 la pratique du Pilates en entreprise La pratique d\u2019un sport en entreprise permet d\u2019am\u00e9liorer la sant\u00e9, la Qualit\u00e9 de Vie au Travail (QVT) et le bien-\u00eatre des salari\u00e9s.Selon l\u2019ANSES (l\u2019Agence nationale de s\u00e9curit\u00e9 sanitaire de l\u2019alimentation, de &hellip; <\/p>\n","protected":false},"author":1,"featured_media":0,"parent":0,"menu_order":0,"comment_status":"closed","ping_status":"closed","template":"","meta":{"footnotes":""},"class_list":["post-91","page","type-page","status-publish","hentry"],"yoast_head":"<!-- This site is optimized with the Yoast SEO plugin v27.4 - https:\/\/yoast.com\/product\/yoast-seo-wordpress\/ -->\n<title>Pilates en entreprise - L\u2019\u00eelot Pilates<\/title>\n<meta name=\"description\" content=\"Proposez des cours de Pilates en entreprise et am\u00e9liorez la QVT de vos salari\u00e9s : \u00e0 l&#039;ann\u00e9e, ou en \u00e9v\u00e8nementiel s\u00e9minaire et team-building.\" \/>\n<meta name=\"robots\" content=\"index, follow, max-snippet:-1, max-image-preview:large, max-video-preview:-1\" \/>\n<link rel=\"canonical\" href=\"https:\/\/lilotpilates.com\/index.php\/pilates-en-entreprise\/\" \/>\n<meta property=\"og:locale\" content=\"fr_FR\" \/>\n<meta property=\"og:type\" content=\"article\" \/>\n<meta property=\"og:title\" content=\"Pilates en entreprise - L\u2019\u00eelot Pilates\" \/>\n<meta property=\"og:description\" content=\"Proposez des cours de Pilates en entreprise et am\u00e9liorez la QVT de vos salari\u00e9s : \u00e0 l&#039;ann\u00e9e, ou en \u00e9v\u00e8nementiel s\u00e9minaire et team-building.\" \/>\n<meta property=\"og:url\" content=\"https:\/\/lilotpilates.com\/index.php\/pilates-en-entreprise\/\" \/>\n<meta property=\"og:site_name\" content=\"L\u2019\u00eelot Pilates\" \/>\n<meta property=\"article:modified_time\" content=\"2025-06-04T13:36:01+00:00\" \/>\n<meta property=\"og:image\" content=\"https:\/\/lilotpilates.com\/wp-content\/uploads\/2025\/05\/Pilates-group-young-sporty-people-sukhasana-close-up-scaled.jpg\" \/>\n\t<meta property=\"og:image:width\" content=\"2560\" \/>\n\t<meta property=\"og:image:height\" content=\"1707\" \/>\n\t<meta property=\"og:image:type\" content=\"image\/jpeg\" \/>\n<meta name=\"twitter:card\" content=\"summary_large_image\" \/>\n<meta name=\"twitter:label1\" content=\"Dur\u00e9e de lecture estim\u00e9e\" \/>\n\t<meta name=\"twitter:data1\" content=\"3 minutes\" \/>\n<script type=\"application\/ld+json\" class=\"yoast-schema-graph\">{\"@context\":\"https:\\\/\\\/schema.org\",\"@graph\":[{\"@type\":\"WebPage\",\"@id\":\"https:\\\/\\\/lilotpilates.com\\\/index.php\\\/pilates-en-entreprise\\\/\",\"url\":\"https:\\\/\\\/lilotpilates.com\\\/index.php\\\/pilates-en-entreprise\\\/\",\"name\":\"Pilates en entreprise - L\u2019\u00eelot Pilates\",\"isPartOf\":{\"@id\":\"https:\\\/\\\/lilotpilates.com\\\/#website\"},\"primaryImageOfPage\":{\"@id\":\"https:\\\/\\\/lilotpilates.com\\\/index.php\\\/pilates-en-entreprise\\\/#primaryimage\"},\"image\":{\"@id\":\"https:\\\/\\\/lilotpilates.com\\\/index.php\\\/pilates-en-entreprise\\\/#primaryimage\"},\"thumbnailUrl\":\"https:\\\/\\\/lilotpilates.com\\\/wp-content\\\/uploads\\\/2025\\\/05\\\/Pilates-group-young-sporty-people-sukhasana-close-up-1024x683.jpg\",\"datePublished\":\"2025-05-14T19:45:15+00:00\",\"dateModified\":\"2025-06-04T13:36:01+00:00\",\"description\":\"Proposez des cours de Pilates en entreprise et am\u00e9liorez la QVT de vos salari\u00e9s : \u00e0 l'ann\u00e9e, ou en \u00e9v\u00e8nementiel s\u00e9minaire et team-building.\",\"breadcrumb\":{\"@id\":\"https:\\\/\\\/lilotpilates.com\\\/index.php\\\/pilates-en-entreprise\\\/#breadcrumb\"},\"inLanguage\":\"fr-FR\",\"potentialAction\":[{\"@type\":\"ReadAction\",\"target\":[\"https:\\\/\\\/lilotpilates.com\\\/index.php\\\/pilates-en-entreprise\\\/\"]}]},{\"@type\":\"ImageObject\",\"inLanguage\":\"fr-FR\",\"@id\":\"https:\\\/\\\/lilotpilates.com\\\/index.php\\\/pilates-en-entreprise\\\/#primaryimage\",\"url\":\"https:\\\/\\\/lilotpilates.com\\\/wp-content\\\/uploads\\\/2025\\\/05\\\/Pilates-group-young-sporty-people-sukhasana-close-up-scaled.jpg\",\"contentUrl\":\"https:\\\/\\\/lilotpilates.com\\\/wp-content\\\/uploads\\\/2025\\\/05\\\/Pilates-group-young-sporty-people-sukhasana-close-up-scaled.jpg\",\"width\":2560,\"height\":1707,\"caption\":\"Group of young sporty afro american and caucasian people practicing yoga lesson, sitting in Sukhasana exercise, Easy Seat pose, working out, students training in sport club, studio close up\"},{\"@type\":\"BreadcrumbList\",\"@id\":\"https:\\\/\\\/lilotpilates.com\\\/index.php\\\/pilates-en-entreprise\\\/#breadcrumb\",\"itemListElement\":[{\"@type\":\"ListItem\",\"position\":1,\"name\":\"Accueil\",\"item\":\"https:\\\/\\\/lilotpilates.com\\\/\"},{\"@type\":\"ListItem\",\"position\":2,\"name\":\"Pilates en entreprise\"}]},{\"@type\":\"WebSite\",\"@id\":\"https:\\\/\\\/lilotpilates.com\\\/#website\",\"url\":\"https:\\\/\\\/lilotpilates.com\\\/\",\"name\":\"L\u2019\u00eelot Pilates\",\"description\":\"Respirer. Bouger. Se renforcer.\",\"potentialAction\":[{\"@type\":\"SearchAction\",\"target\":{\"@type\":\"EntryPoint\",\"urlTemplate\":\"https:\\\/\\\/lilotpilates.com\\\/?s={search_term_string}\"},\"query-input\":{\"@type\":\"PropertyValueSpecification\",\"valueRequired\":true,\"valueName\":\"search_term_string\"}}],\"inLanguage\":\"fr-FR\"}]}<\/script>\n<!-- \/ Yoast SEO plugin. -->","yoast_head_json":{"title":"Pilates en entreprise - L\u2019\u00eelot Pilates","description":"Proposez des cours de Pilates en entreprise et am\u00e9liorez la QVT de vos salari\u00e9s : \u00e0 l'ann\u00e9e, ou en \u00e9v\u00e8nementiel s\u00e9minaire et team-building.","robots":{"index":"index","follow":"follow","max-snippet":"max-snippet:-1","max-image-preview":"max-image-preview:large","max-video-preview":"max-video-preview:-1"},"canonical":"https:\/\/lilotpilates.com\/index.php\/pilates-en-entreprise\/","og_locale":"fr_FR","og_type":"article","og_title":"Pilates en entreprise - L\u2019\u00eelot Pilates","og_description":"Proposez des cours de Pilates en entreprise et am\u00e9liorez la QVT de vos salari\u00e9s : \u00e0 l'ann\u00e9e, ou en \u00e9v\u00e8nementiel s\u00e9minaire et team-building.","og_url":"https:\/\/lilotpilates.com\/index.php\/pilates-en-entreprise\/","og_site_name":"L\u2019\u00eelot Pilates","article_modified_time":"2025-06-04T13:36:01+00:00","og_image":[{"width":2560,"height":1707,"url":"https:\/\/lilotpilates.com\/wp-content\/uploads\/2025\/05\/Pilates-group-young-sporty-people-sukhasana-close-up-scaled.jpg","type":"image\/jpeg"}],"twitter_card":"summary_large_image","twitter_misc":{"Dur\u00e9e de lecture estim\u00e9e":"3 minutes"},"schema":{"@context":"https:\/\/schema.org","@graph":[{"@type":"WebPage","@id":"https:\/\/lilotpilates.com\/index.php\/pilates-en-entreprise\/","url":"https:\/\/lilotpilates.com\/index.php\/pilates-en-entreprise\/","name":"Pilates en entreprise - L\u2019\u00eelot Pilates","isPartOf":{"@id":"https:\/\/lilotpilates.com\/#website"},"primaryImageOfPage":{"@id":"https:\/\/lilotpilates.com\/index.php\/pilates-en-entreprise\/#primaryimage"},"image":{"@id":"https:\/\/lilotpilates.com\/index.php\/pilates-en-entreprise\/#primaryimage"},"thumbnailUrl":"https:\/\/lilotpilates.com\/wp-content\/uploads\/2025\/05\/Pilates-group-young-sporty-people-sukhasana-close-up-1024x683.jpg","datePublished":"2025-05-14T19:45:15+00:00","dateModified":"2025-06-04T13:36:01+00:00","description":"Proposez des cours de Pilates en entreprise et am\u00e9liorez la QVT de vos salari\u00e9s : \u00e0 l'ann\u00e9e, ou en \u00e9v\u00e8nementiel s\u00e9minaire et team-building.","breadcrumb":{"@id":"https:\/\/lilotpilates.com\/index.php\/pilates-en-entreprise\/#breadcrumb"},"inLanguage":"fr-FR","potentialAction":[{"@type":"ReadAction","target":["https:\/\/lilotpilates.com\/index.php\/pilates-en-entreprise\/"]}]},{"@type":"ImageObject","inLanguage":"fr-FR","@id":"https:\/\/lilotpilates.com\/index.php\/pilates-en-entreprise\/#primaryimage","url":"https:\/\/lilotpilates.com\/wp-content\/uploads\/2025\/05\/Pilates-group-young-sporty-people-sukhasana-close-up-scaled.jpg","contentUrl":"https:\/\/lilotpilates.com\/wp-content\/uploads\/2025\/05\/Pilates-group-young-sporty-people-sukhasana-close-up-scaled.jpg","width":2560,"height":1707,"caption":"Group of young sporty afro american and caucasian people practicing yoga lesson, sitting in Sukhasana exercise, Easy Seat pose, working out, students training in sport club, studio close up"},{"@type":"BreadcrumbList","@id":"https:\/\/lilotpilates.com\/index.php\/pilates-en-entreprise\/#breadcrumb","itemListElement":[{"@type":"ListItem","position":1,"name":"Accueil","item":"https:\/\/lilotpilates.com\/"},{"@type":"ListItem","position":2,"name":"Pilates en entreprise"}]},{"@type":"WebSite","@id":"https:\/\/lilotpilates.com\/#website","url":"https:\/\/lilotpilates.com\/","name":"L\u2019\u00eelot Pilates","description":"Respirer. Bouger. Se renforcer.","potentialAction":[{"@type":"SearchAction","target":{"@type":"EntryPoint","urlTemplate":"https:\/\/lilotpilates.com\/?s={search_term_string}"},"query-input":{"@type":"PropertyValueSpecification","valueRequired":true,"valueName":"search_term_string"}}],"inLanguage":"fr-FR"}]}},"_links":{"self":[{"href":"https:\/\/lilotpilates.com\/index.php\/wp-json\/wp\/v2\/pages\/91","targetHints":{"allow":["GET"]}}],"collection":[{"href":"https:\/\/lilotpilates.com\/index.php\/wp-json\/wp\/v2\/pages"}],"about":[{"href":"https:\/\/lilotpilates.com\/index.php\/wp-json\/wp\/v2\/types\/page"}],"author":[{"embeddable":true,"href":"https:\/\/lilotpilates.com\/index.php\/wp-json\/wp\/v2\/users\/1"}],"replies":[{"embeddable":true,"href":"https:\/\/lilotpilates.com\/index.php\/wp-json\/wp\/v2\/comments?post=91"}],"version-history":[{"count":19,"href":"https:\/\/lilotpilates.com\/index.php\/wp-json\/wp\/v2\/pages\/91\/revisions"}],"predecessor-version":[{"id":466,"href":"https:\/\/lilotpilates.com\/index.php\/wp-json\/wp\/v2\/pages\/91\/revisions\/466"}],"wp:attachment":[{"href":"https:\/\/lilotpilates.com\/index.php\/wp-json\/wp\/v2\/media?parent=91"}],"curies":[{"name":"wp","href":"https:\/\/api.w.org\/{rel}","templated":true}]}}