{"id":89,"date":"2025-05-14T21:45:15","date_gmt":"2025-05-14T19:45:15","guid":{"rendered":"https:\/\/lilotpilates.com\/?page_id=89"},"modified":"2026-02-24T15:53:22","modified_gmt":"2026-02-24T14:53:22","slug":"pilates-sur-appareil-reformer","status":"publish","type":"page","link":"https:\/\/lilotpilates.com\/index.php\/pilates-sur-appareil-reformer\/","title":{"rendered":"Pilates sur Reformer aux Sables d&rsquo;Olonne"},"content":{"rendered":"\n<p class=\"has-text-align-center\">L\u2019objectif du Pilates sur appareil Reformer d\u00e9velopp\u00e9 par Joseph Pilates (et autres appareils de type Cadillac, Chair) est de permettre aux pratiquants d\u2019\u00eatre mieux accompagn\u00e9s et guid\u00e9s dans leur pratique et d&rsquo;<strong>am\u00e9liorer le renforcement, l\u2019alignement et l\u2019\u00e9tirement de leur corps dans sa globalit\u00e9.&nbsp;<\/strong><\/p>\n\n\n\n<p class=\"has-text-align-center\"><strong>Le Reformer, est l\u2019appareil le plus connu dans la <a href=\"https:\/\/lilotpilates.com\/index.php\/la-methode\/\" data-type=\"page\" data-id=\"59\">m\u00e9thode Pilates<\/a>, il a pour but de transformer universellement tout l\u2019organisme.&nbsp;<\/strong><\/p>\n\n\n\n<p class=\"has-text-align-center\">Vous souhaitez pratiquer la m\u00e9thode sur appareils (ou machine du type Cadillac), <a data-type=\"page\" data-id=\"31\" href=\"https:\/\/lilotpilates.com\/index.php\/contact-reservation\/\">contactez-moi<\/a> pour plus d\u2019informations.<\/p>\n\n\n\n<figure class=\"wp-block-gallery has-nested-images columns-default is-cropped wp-block-gallery-1 is-layout-flex wp-block-gallery-is-layout-flex\">\n<figure class=\"wp-block-image size-full\"><img decoding=\"async\" data-id=\"219\" src=\"https:\/\/lilotpilates.com\/wp-content\/uploads\/2025\/05\/les-gens-qui-suivent-des-cours-de-pilates-reformateur.jpg\" alt=\"Pilates sur reformer Les Sables - frog and circles\" class=\"wp-image-219\"\/><\/figure>\n\n\n\n<figure class=\"wp-block-image size-full\"><img loading=\"lazy\" decoding=\"async\" width=\"1707\" height=\"2560\" data-id=\"347\" src=\"https:\/\/lilotpilates.com\/wp-content\/uploads\/2025\/06\/femme-pratiquant-le-pilates-dans-un-reformeur-de-pilates-elephant-scaled.jpg\" alt=\"Pilates sur reformer Les Sables - elephant\" class=\"wp-image-347\" srcset=\"https:\/\/lilotpilates.com\/wp-content\/uploads\/2025\/06\/femme-pratiquant-le-pilates-dans-un-reformeur-de-pilates-elephant-scaled.jpg 1707w, https:\/\/lilotpilates.com\/wp-content\/uploads\/2025\/06\/femme-pratiquant-le-pilates-dans-un-reformeur-de-pilates-elephant-200x300.jpg 200w, https:\/\/lilotpilates.com\/wp-content\/uploads\/2025\/06\/femme-pratiquant-le-pilates-dans-un-reformeur-de-pilates-elephant-683x1024.jpg 683w, https:\/\/lilotpilates.com\/wp-content\/uploads\/2025\/06\/femme-pratiquant-le-pilates-dans-un-reformeur-de-pilates-elephant-768x1152.jpg 768w, https:\/\/lilotpilates.com\/wp-content\/uploads\/2025\/06\/femme-pratiquant-le-pilates-dans-un-reformeur-de-pilates-elephant-1024x1536.jpg 1024w, https:\/\/lilotpilates.com\/wp-content\/uploads\/2025\/06\/femme-pratiquant-le-pilates-dans-un-reformeur-de-pilates-elephant-1365x2048.jpg 1365w, https:\/\/lilotpilates.com\/wp-content\/uploads\/2025\/06\/femme-pratiquant-le-pilates-dans-un-reformeur-de-pilates-elephant-40x60.jpg 40w\" sizes=\"auto, (max-width: 1707px) 100vw, 1707px\" \/><\/figure>\n\n\n\n<figure class=\"wp-block-image size-full\"><img decoding=\"async\" data-id=\"348\" src=\"https:\/\/lilotpilates.com\/wp-content\/uploads\/2025\/06\/formation-pilates-roll-back-bar.jpg\" alt=\"Pilates sur Cadillac Les Sables - roll back bar\" class=\"wp-image-348\"\/><\/figure>\n<\/figure>\n\n\n\n<p class=\"has-text-align-center\"><br><strong>Cours priv\u00e9s de Pilates sur appareils<\/strong> : \u00e0 la demande, sur-mesure et adapt\u00e9 aux besoins individuels de chaque \u00e9l\u00e8ve. Utilisation notamment du reformer et du Cadillac pour profiter pleinement des bienfaits de la m\u00e9thode Pilates.<\/p>\n\n\n\n<p class=\"has-text-align-center\">R\u00e9servation par t\u00e9l\u00e9phone au 06.45.60.13.97.<\/p>\n\n\n\n<p class=\"has-text-align-center\">En savoir plus sur : <a data-type=\"page\" data-id=\"59\" href=\"https:\/\/lilotpilates.com\/index.php\/la-methode\/\">La m\u00e9thode Pilates<\/a><\/p>\n\n\n\n<p><\/p>\n","protected":false},"excerpt":{"rendered":"<p>L\u2019objectif du Pilates sur appareil Reformer d\u00e9velopp\u00e9 par Joseph Pilates (et autres appareils de type Cadillac, Chair) est de permettre aux pratiquants d\u2019\u00eatre mieux accompagn\u00e9s et guid\u00e9s dans leur pratique et d&rsquo;am\u00e9liorer le renforcement, l\u2019alignement et l\u2019\u00e9tirement de leur corps dans sa globalit\u00e9.&nbsp; Le Reformer, est l\u2019appareil le plus connu dans la m\u00e9thode Pilates, il &hellip; <\/p>\n","protected":false},"author":1,"featured_media":0,"parent":0,"menu_order":0,"comment_status":"closed","ping_status":"closed","template":"","meta":{"footnotes":""},"class_list":["post-89","page","type-page","status-publish","hentry"],"yoast_head":"<!-- This site is optimized with the Yoast SEO plugin v27.4 - https:\/\/yoast.com\/product\/yoast-seo-wordpress\/ -->\n<title>Pilates sur Reformer aux Sables d&#039;Olonne aux Sables d&#039;Olonne<\/title>\n<meta name=\"description\" content=\"Am\u00e9liorez le renforcement, l&#039;alignement et l&#039;\u00e9tirement de votre corps avec les cours de Pilates sur Reformer aux Sables.\" \/>\n<meta name=\"robots\" content=\"index, follow, max-snippet:-1, max-image-preview:large, max-video-preview:-1\" \/>\n<link rel=\"canonical\" href=\"https:\/\/lilotpilates.com\/index.php\/pilates-sur-appareil-reformer\/\" \/>\n<meta property=\"og:locale\" content=\"fr_FR\" \/>\n<meta property=\"og:type\" content=\"article\" \/>\n<meta property=\"og:title\" content=\"Pilates sur Reformer aux Sables d&#039;Olonne aux Sables d&#039;Olonne\" \/>\n<meta property=\"og:description\" content=\"Am\u00e9liorez le renforcement, l&#039;alignement et l&#039;\u00e9tirement de votre corps avec les cours de Pilates sur Reformer aux Sables.\" \/>\n<meta property=\"og:url\" content=\"https:\/\/lilotpilates.com\/index.php\/pilates-sur-appareil-reformer\/\" \/>\n<meta property=\"og:site_name\" content=\"L\u2019\u00eelot Pilates\" \/>\n<meta property=\"article:modified_time\" content=\"2026-02-24T14:53:22+00:00\" \/>\n<meta property=\"og:image\" content=\"https:\/\/lilotpilates.com\/wp-content\/uploads\/2025\/05\/les-gens-qui-suivent-des-cours-de-pilates-reformateur.jpg\" \/>\n\t<meta property=\"og:image:width\" content=\"1\" \/>\n\t<meta property=\"og:image:height\" content=\"1\" \/>\n\t<meta property=\"og:image:type\" content=\"image\/jpeg\" \/>\n<meta name=\"twitter:card\" content=\"summary_large_image\" \/>\n<meta name=\"twitter:label1\" content=\"Dur\u00e9e de lecture estim\u00e9e\" \/>\n\t<meta name=\"twitter:data1\" content=\"2 minutes\" \/>\n<script type=\"application\/ld+json\" class=\"yoast-schema-graph\">{\"@context\":\"https:\\\/\\\/schema.org\",\"@graph\":[{\"@type\":\"WebPage\",\"@id\":\"https:\\\/\\\/lilotpilates.com\\\/index.php\\\/pilates-sur-appareil-reformer\\\/\",\"url\":\"https:\\\/\\\/lilotpilates.com\\\/index.php\\\/pilates-sur-appareil-reformer\\\/\",\"name\":\"Pilates sur Reformer aux Sables d'Olonne aux Sables d'Olonne\",\"isPartOf\":{\"@id\":\"https:\\\/\\\/lilotpilates.com\\\/#website\"},\"primaryImageOfPage\":{\"@id\":\"https:\\\/\\\/lilotpilates.com\\\/index.php\\\/pilates-sur-appareil-reformer\\\/#primaryimage\"},\"image\":{\"@id\":\"https:\\\/\\\/lilotpilates.com\\\/index.php\\\/pilates-sur-appareil-reformer\\\/#primaryimage\"},\"thumbnailUrl\":\"https:\\\/\\\/lilotpilates.com\\\/wp-content\\\/uploads\\\/2025\\\/05\\\/les-gens-qui-suivent-des-cours-de-pilates-reformateur.jpg\",\"datePublished\":\"2025-05-14T19:45:15+00:00\",\"dateModified\":\"2026-02-24T14:53:22+00:00\",\"description\":\"Am\u00e9liorez le renforcement, l'alignement et l'\u00e9tirement de votre corps avec les cours de Pilates sur Reformer aux Sables.\",\"breadcrumb\":{\"@id\":\"https:\\\/\\\/lilotpilates.com\\\/index.php\\\/pilates-sur-appareil-reformer\\\/#breadcrumb\"},\"inLanguage\":\"fr-FR\",\"potentialAction\":[{\"@type\":\"ReadAction\",\"target\":[\"https:\\\/\\\/lilotpilates.com\\\/index.php\\\/pilates-sur-appareil-reformer\\\/\"]}]},{\"@type\":\"ImageObject\",\"inLanguage\":\"fr-FR\",\"@id\":\"https:\\\/\\\/lilotpilates.com\\\/index.php\\\/pilates-sur-appareil-reformer\\\/#primaryimage\",\"url\":\"https:\\\/\\\/lilotpilates.com\\\/wp-content\\\/uploads\\\/2025\\\/05\\\/les-gens-qui-suivent-des-cours-de-pilates-reformateur.jpg\",\"contentUrl\":\"https:\\\/\\\/lilotpilates.com\\\/wp-content\\\/uploads\\\/2025\\\/05\\\/les-gens-qui-suivent-des-cours-de-pilates-reformateur.jpg\"},{\"@type\":\"BreadcrumbList\",\"@id\":\"https:\\\/\\\/lilotpilates.com\\\/index.php\\\/pilates-sur-appareil-reformer\\\/#breadcrumb\",\"itemListElement\":[{\"@type\":\"ListItem\",\"position\":1,\"name\":\"Accueil\",\"item\":\"https:\\\/\\\/lilotpilates.com\\\/\"},{\"@type\":\"ListItem\",\"position\":2,\"name\":\"Pilates sur Reformer aux Sables d&rsquo;Olonne\"}]},{\"@type\":\"WebSite\",\"@id\":\"https:\\\/\\\/lilotpilates.com\\\/#website\",\"url\":\"https:\\\/\\\/lilotpilates.com\\\/\",\"name\":\"L\u2019\u00eelot Pilates\",\"description\":\"Respirer. Bouger. Se renforcer.\",\"potentialAction\":[{\"@type\":\"SearchAction\",\"target\":{\"@type\":\"EntryPoint\",\"urlTemplate\":\"https:\\\/\\\/lilotpilates.com\\\/?s={search_term_string}\"},\"query-input\":{\"@type\":\"PropertyValueSpecification\",\"valueRequired\":true,\"valueName\":\"search_term_string\"}}],\"inLanguage\":\"fr-FR\"}]}<\/script>\n<!-- \/ Yoast SEO plugin. -->","yoast_head_json":{"title":"Pilates sur Reformer aux Sables d'Olonne aux Sables d'Olonne","description":"Am\u00e9liorez le renforcement, l'alignement et l'\u00e9tirement de votre corps avec les cours de Pilates sur Reformer aux Sables.","robots":{"index":"index","follow":"follow","max-snippet":"max-snippet:-1","max-image-preview":"max-image-preview:large","max-video-preview":"max-video-preview:-1"},"canonical":"https:\/\/lilotpilates.com\/index.php\/pilates-sur-appareil-reformer\/","og_locale":"fr_FR","og_type":"article","og_title":"Pilates sur Reformer aux Sables d'Olonne aux Sables d'Olonne","og_description":"Am\u00e9liorez le renforcement, l'alignement et l'\u00e9tirement de votre corps avec les cours de Pilates sur Reformer aux Sables.","og_url":"https:\/\/lilotpilates.com\/index.php\/pilates-sur-appareil-reformer\/","og_site_name":"L\u2019\u00eelot Pilates","article_modified_time":"2026-02-24T14:53:22+00:00","og_image":[{"url":"https:\/\/lilotpilates.com\/wp-content\/uploads\/2025\/05\/les-gens-qui-suivent-des-cours-de-pilates-reformateur.jpg","width":1,"height":1,"type":"image\/jpeg"}],"twitter_card":"summary_large_image","twitter_misc":{"Dur\u00e9e de lecture estim\u00e9e":"2 minutes"},"schema":{"@context":"https:\/\/schema.org","@graph":[{"@type":"WebPage","@id":"https:\/\/lilotpilates.com\/index.php\/pilates-sur-appareil-reformer\/","url":"https:\/\/lilotpilates.com\/index.php\/pilates-sur-appareil-reformer\/","name":"Pilates sur Reformer aux Sables d'Olonne aux Sables d'Olonne","isPartOf":{"@id":"https:\/\/lilotpilates.com\/#website"},"primaryImageOfPage":{"@id":"https:\/\/lilotpilates.com\/index.php\/pilates-sur-appareil-reformer\/#primaryimage"},"image":{"@id":"https:\/\/lilotpilates.com\/index.php\/pilates-sur-appareil-reformer\/#primaryimage"},"thumbnailUrl":"https:\/\/lilotpilates.com\/wp-content\/uploads\/2025\/05\/les-gens-qui-suivent-des-cours-de-pilates-reformateur.jpg","datePublished":"2025-05-14T19:45:15+00:00","dateModified":"2026-02-24T14:53:22+00:00","description":"Am\u00e9liorez le renforcement, l'alignement et l'\u00e9tirement de votre corps avec les cours de Pilates sur Reformer aux Sables.","breadcrumb":{"@id":"https:\/\/lilotpilates.com\/index.php\/pilates-sur-appareil-reformer\/#breadcrumb"},"inLanguage":"fr-FR","potentialAction":[{"@type":"ReadAction","target":["https:\/\/lilotpilates.com\/index.php\/pilates-sur-appareil-reformer\/"]}]},{"@type":"ImageObject","inLanguage":"fr-FR","@id":"https:\/\/lilotpilates.com\/index.php\/pilates-sur-appareil-reformer\/#primaryimage","url":"https:\/\/lilotpilates.com\/wp-content\/uploads\/2025\/05\/les-gens-qui-suivent-des-cours-de-pilates-reformateur.jpg","contentUrl":"https:\/\/lilotpilates.com\/wp-content\/uploads\/2025\/05\/les-gens-qui-suivent-des-cours-de-pilates-reformateur.jpg"},{"@type":"BreadcrumbList","@id":"https:\/\/lilotpilates.com\/index.php\/pilates-sur-appareil-reformer\/#breadcrumb","itemListElement":[{"@type":"ListItem","position":1,"name":"Accueil","item":"https:\/\/lilotpilates.com\/"},{"@type":"ListItem","position":2,"name":"Pilates sur Reformer aux Sables d&rsquo;Olonne"}]},{"@type":"WebSite","@id":"https:\/\/lilotpilates.com\/#website","url":"https:\/\/lilotpilates.com\/","name":"L\u2019\u00eelot Pilates","description":"Respirer. Bouger. Se renforcer.","potentialAction":[{"@type":"SearchAction","target":{"@type":"EntryPoint","urlTemplate":"https:\/\/lilotpilates.com\/?s={search_term_string}"},"query-input":{"@type":"PropertyValueSpecification","valueRequired":true,"valueName":"search_term_string"}}],"inLanguage":"fr-FR"}]}},"_links":{"self":[{"href":"https:\/\/lilotpilates.com\/index.php\/wp-json\/wp\/v2\/pages\/89","targetHints":{"allow":["GET"]}}],"collection":[{"href":"https:\/\/lilotpilates.com\/index.php\/wp-json\/wp\/v2\/pages"}],"about":[{"href":"https:\/\/lilotpilates.com\/index.php\/wp-json\/wp\/v2\/types\/page"}],"author":[{"embeddable":true,"href":"https:\/\/lilotpilates.com\/index.php\/wp-json\/wp\/v2\/users\/1"}],"replies":[{"embeddable":true,"href":"https:\/\/lilotpilates.com\/index.php\/wp-json\/wp\/v2\/comments?post=89"}],"version-history":[{"count":18,"href":"https:\/\/lilotpilates.com\/index.php\/wp-json\/wp\/v2\/pages\/89\/revisions"}],"predecessor-version":[{"id":565,"href":"https:\/\/lilotpilates.com\/index.php\/wp-json\/wp\/v2\/pages\/89\/revisions\/565"}],"wp:attachment":[{"href":"https:\/\/lilotpilates.com\/index.php\/wp-json\/wp\/v2\/media?parent=89"}],"curies":[{"name":"wp","href":"https:\/\/api.w.org\/{rel}","templated":true}]}}