{"id":80,"date":"2025-05-14T21:43:06","date_gmt":"2025-05-14T19:43:06","guid":{"rendered":"https:\/\/lilotpilates.com\/?page_id=80"},"modified":"2025-06-04T15:21:49","modified_gmt":"2025-06-04T13:21:49","slug":"a-propos-methode-pilate","status":"publish","type":"page","link":"https:\/\/lilotpilates.com\/index.php\/a-propos-methode-pilate\/","title":{"rendered":"\u00c0 propos"},"content":{"rendered":"\n<p>D\u00e9couvrez les origines de la <a href=\"https:\/\/lilotpilates.com\/index.php\/la-methode\/\" data-type=\"page\" data-id=\"59\">m\u00e9thode Pilates<\/a>, cr\u00e9\u00e9e par Joseph Pilates, et pourquoi j&rsquo;ai d\u00e9cid\u00e9 d&rsquo;enseigner cette m\u00e9thode aux nombreux bienfaits pour le corps et l&rsquo;esprit.<\/p>\n\n\n\n<div class=\"wp-block-columns is-layout-flex wp-container-core-columns-is-layout-9d6595d7 wp-block-columns-is-layout-flex\">\n<div class=\"wp-block-column is-layout-flow wp-block-column-is-layout-flow\" style=\"flex-basis:100%\">\n<div class=\"wp-block-cover\"><img loading=\"lazy\" decoding=\"async\" width=\"957\" height=\"526\" class=\"wp-block-cover__image-background wp-image-310\" alt=\"\" src=\"https:\/\/lilotpilates.com\/wp-content\/uploads\/2025\/05\/Joseph-Pilates-MatClass.png\" data-object-fit=\"cover\" srcset=\"https:\/\/lilotpilates.com\/wp-content\/uploads\/2025\/05\/Joseph-Pilates-MatClass.png 957w, https:\/\/lilotpilates.com\/wp-content\/uploads\/2025\/05\/Joseph-Pilates-MatClass-300x165.png 300w, https:\/\/lilotpilates.com\/wp-content\/uploads\/2025\/05\/Joseph-Pilates-MatClass-768x422.png 768w, https:\/\/lilotpilates.com\/wp-content\/uploads\/2025\/05\/Joseph-Pilates-MatClass-109x60.png 109w\" sizes=\"auto, (max-width: 957px) 100vw, 957px\" \/><span aria-hidden=\"true\" class=\"wp-block-cover__background has-background-dim\"><\/span><div class=\"wp-block-cover__inner-container is-layout-flow wp-block-cover-is-layout-flow\">\n<p class=\"has-text-align-center has-large-font-size\"><a href=\"https:\/\/lilotpilates.com\/index.php\/la-methode\/\" data-type=\"page\" data-id=\"59\">La m\u00e9thode Pilates<\/a><\/p>\n<\/div><\/div>\n\n\n\n<div class=\"wp-block-cover\"><img loading=\"lazy\" decoding=\"async\" width=\"1024\" height=\"683\" class=\"wp-block-cover__image-background wp-image-318\" alt=\"\" src=\"https:\/\/lilotpilates.com\/wp-content\/uploads\/2025\/05\/091A1715-1024x683.jpg\" data-object-fit=\"cover\" srcset=\"https:\/\/lilotpilates.com\/wp-content\/uploads\/2025\/05\/091A1715-1024x683.jpg 1024w, https:\/\/lilotpilates.com\/wp-content\/uploads\/2025\/05\/091A1715-300x200.jpg 300w, https:\/\/lilotpilates.com\/wp-content\/uploads\/2025\/05\/091A1715-768x512.jpg 768w, https:\/\/lilotpilates.com\/wp-content\/uploads\/2025\/05\/091A1715-1536x1024.jpg 1536w, https:\/\/lilotpilates.com\/wp-content\/uploads\/2025\/05\/091A1715-2048x1365.jpg 2048w, https:\/\/lilotpilates.com\/wp-content\/uploads\/2025\/05\/091A1715-90x60.jpg 90w\" sizes=\"auto, (max-width: 1024px) 100vw, 1024px\" \/><span aria-hidden=\"true\" class=\"wp-block-cover__background has-background-dim\"><\/span><div class=\"wp-block-cover__inner-container is-layout-flow wp-block-cover-is-layout-flow\">\n<p class=\"has-text-align-center has-large-font-size\"><a href=\"https:\/\/lilotpilates.com\/index.php\/qui-suis-je\/\" data-type=\"page\" data-id=\"81\">Qui suis-je ?<\/a><\/p>\n<\/div><\/div>\n<\/div>\n<\/div>\n\n\n\n<h2 class=\"wp-block-heading has-text-align-left\">Vous voulez pratiquer la m\u00e9thode Pilates ?<\/h2>\n\n\n\n<p class=\"has-text-align-left\"><a href=\"https:\/\/lilotpilates.com\/index.php\/qui-suis-je\/\">Fanny CHOUINARD<\/a>, votre professeur de Pilates, vous accompagnera de mani\u00e8re adapt\u00e9e lors des cours de Pilates sur <a href=\"https:\/\/lilotpilates.com\/index.php\/pilates-sur-tapis\/\">tapis <\/a>ou <a href=\"https:\/\/lilotpilates.com\/index.php\/pilates-sur-appareil-reformer\/\">appareil<\/a>, pour d\u00e9couvrir les bienfaits de la <a href=\"https:\/\/lilotpilates.com\/index.php\/la-methode-pilates\/\">m\u00e9thode<\/a>.<\/p>\n\n\n\n<p class=\"has-text-align-left\">Rendez-vous dans les nouveaux studios de Mouv\u2019aux 3 Caps, <a href=\"https:\/\/www.google.fr\/maps\/place\/Mouv'+aux+3+caps\/@46.4995397,-1.7577619,17z\/data=!3m1!4b1!4m6!3m5!1s0x4804694841cd9f8d:0x6f7ef81c150d7617!8m2!3d46.499536!4d-1.755187!16s%2Fg%2F11w7hbqv_0?entry=ttu&amp;g_ep=EgoyMDI1MDUyOC4wIKXMDSoASAFQAw%3D%3D\" target=\"_blank\" rel=\"noreferrer noopener\">40 Rue des Fr\u00e8res Michelin, 85180 Les Sables-d\u2019Olonne<\/a>.<\/p>\n\n\n\n<p class=\"has-text-align-center\">Suivez toute l&rsquo;actualit\u00e9 des cours de Pilates et \u00e9v\u00e8nements sur les r\u00e9seaux sociaux :<\/p>\n\n\n\n<p class=\"has-text-align-center\"><a href=\"https:\/\/www.facebook.com\/profile.php?id=61560023410142\">Facebook<\/a><\/p>\n\n\n\n<p class=\"has-text-align-center\"><a href=\"https:\/\/www.instagram.com\/lilotpilates.fanny.chouinard\/\">Instagram<\/a><\/p>\n\n\n\n<p><\/p>\n","protected":false},"excerpt":{"rendered":"<p>D\u00e9couvrez les origines de la m\u00e9thode Pilates, cr\u00e9\u00e9e par Joseph Pilates, et pourquoi j&rsquo;ai d\u00e9cid\u00e9 d&rsquo;enseigner cette m\u00e9thode aux nombreux bienfaits pour le corps et l&rsquo;esprit. Vous voulez pratiquer la m\u00e9thode Pilates ? Fanny CHOUINARD, votre professeur de Pilates, vous accompagnera de mani\u00e8re adapt\u00e9e lors des cours de Pilates sur tapis ou appareil, pour d\u00e9couvrir &hellip; <\/p>\n","protected":false},"author":1,"featured_media":0,"parent":0,"menu_order":0,"comment_status":"closed","ping_status":"closed","template":"","meta":{"footnotes":""},"class_list":["post-80","page","type-page","status-publish","hentry"],"yoast_head":"<!-- This site is optimized with the Yoast SEO plugin v27.4 - https:\/\/yoast.com\/product\/yoast-seo-wordpress\/ -->\n<title>\u00c0 propos de L\u2019\u00eelot Pilates - Les origines de la m\u00e9thode Pilates<\/title>\n<meta name=\"description\" content=\"Avec l&#039;\u00eelot Pilates : d\u00e9couvrez les origines de la m\u00e9thode Pilates et votre Professeure de Pilates certifi\u00e9e aux Sables d&#039;Olonne.\" \/>\n<meta name=\"robots\" content=\"index, follow, max-snippet:-1, max-image-preview:large, max-video-preview:-1\" \/>\n<link rel=\"canonical\" href=\"https:\/\/lilotpilates.com\/index.php\/a-propos-methode-pilate\/\" \/>\n<meta property=\"og:locale\" content=\"fr_FR\" \/>\n<meta property=\"og:type\" content=\"article\" \/>\n<meta property=\"og:title\" content=\"\u00c0 propos de L\u2019\u00eelot Pilates - Les origines de la m\u00e9thode Pilates\" \/>\n<meta property=\"og:description\" content=\"Avec l&#039;\u00eelot Pilates : d\u00e9couvrez les origines de la m\u00e9thode Pilates et votre Professeure de Pilates certifi\u00e9e aux Sables d&#039;Olonne.\" \/>\n<meta property=\"og:url\" content=\"https:\/\/lilotpilates.com\/index.php\/a-propos-methode-pilate\/\" \/>\n<meta property=\"og:site_name\" content=\"L\u2019\u00eelot Pilates\" \/>\n<meta property=\"article:modified_time\" content=\"2025-06-04T13:21:49+00:00\" \/>\n<meta property=\"og:image\" content=\"https:\/\/lilotpilates.com\/wp-content\/uploads\/2025\/05\/Joseph-Pilates-MatClass.png\" \/>\n\t<meta property=\"og:image:width\" content=\"957\" \/>\n\t<meta property=\"og:image:height\" content=\"526\" \/>\n\t<meta property=\"og:image:type\" content=\"image\/png\" \/>\n<meta name=\"twitter:card\" content=\"summary_large_image\" \/>\n<meta name=\"twitter:label1\" content=\"Dur\u00e9e de lecture estim\u00e9e\" \/>\n\t<meta name=\"twitter:data1\" content=\"1 minute\" \/>\n<script type=\"application\/ld+json\" class=\"yoast-schema-graph\">{\"@context\":\"https:\\\/\\\/schema.org\",\"@graph\":[{\"@type\":\"WebPage\",\"@id\":\"https:\\\/\\\/lilotpilates.com\\\/index.php\\\/a-propos-methode-pilate\\\/\",\"url\":\"https:\\\/\\\/lilotpilates.com\\\/index.php\\\/a-propos-methode-pilate\\\/\",\"name\":\"\u00c0 propos de L\u2019\u00eelot Pilates - Les origines de la m\u00e9thode Pilates\",\"isPartOf\":{\"@id\":\"https:\\\/\\\/lilotpilates.com\\\/#website\"},\"primaryImageOfPage\":{\"@id\":\"https:\\\/\\\/lilotpilates.com\\\/index.php\\\/a-propos-methode-pilate\\\/#primaryimage\"},\"image\":{\"@id\":\"https:\\\/\\\/lilotpilates.com\\\/index.php\\\/a-propos-methode-pilate\\\/#primaryimage\"},\"thumbnailUrl\":\"https:\\\/\\\/lilotpilates.com\\\/wp-content\\\/uploads\\\/2025\\\/05\\\/Joseph-Pilates-MatClass.png\",\"datePublished\":\"2025-05-14T19:43:06+00:00\",\"dateModified\":\"2025-06-04T13:21:49+00:00\",\"description\":\"Avec l'\u00eelot Pilates : d\u00e9couvrez les origines de la m\u00e9thode Pilates et votre Professeure de Pilates certifi\u00e9e aux Sables d'Olonne.\",\"breadcrumb\":{\"@id\":\"https:\\\/\\\/lilotpilates.com\\\/index.php\\\/a-propos-methode-pilate\\\/#breadcrumb\"},\"inLanguage\":\"fr-FR\",\"potentialAction\":[{\"@type\":\"ReadAction\",\"target\":[\"https:\\\/\\\/lilotpilates.com\\\/index.php\\\/a-propos-methode-pilate\\\/\"]}]},{\"@type\":\"ImageObject\",\"inLanguage\":\"fr-FR\",\"@id\":\"https:\\\/\\\/lilotpilates.com\\\/index.php\\\/a-propos-methode-pilate\\\/#primaryimage\",\"url\":\"https:\\\/\\\/lilotpilates.com\\\/wp-content\\\/uploads\\\/2025\\\/05\\\/Joseph-Pilates-MatClass.png\",\"contentUrl\":\"https:\\\/\\\/lilotpilates.com\\\/wp-content\\\/uploads\\\/2025\\\/05\\\/Joseph-Pilates-MatClass.png\",\"width\":957,\"height\":526},{\"@type\":\"BreadcrumbList\",\"@id\":\"https:\\\/\\\/lilotpilates.com\\\/index.php\\\/a-propos-methode-pilate\\\/#breadcrumb\",\"itemListElement\":[{\"@type\":\"ListItem\",\"position\":1,\"name\":\"Accueil\",\"item\":\"https:\\\/\\\/lilotpilates.com\\\/\"},{\"@type\":\"ListItem\",\"position\":2,\"name\":\"\u00c0 propos\"}]},{\"@type\":\"WebSite\",\"@id\":\"https:\\\/\\\/lilotpilates.com\\\/#website\",\"url\":\"https:\\\/\\\/lilotpilates.com\\\/\",\"name\":\"L\u2019\u00eelot Pilates\",\"description\":\"Respirer. Bouger. Se renforcer.\",\"potentialAction\":[{\"@type\":\"SearchAction\",\"target\":{\"@type\":\"EntryPoint\",\"urlTemplate\":\"https:\\\/\\\/lilotpilates.com\\\/?s={search_term_string}\"},\"query-input\":{\"@type\":\"PropertyValueSpecification\",\"valueRequired\":true,\"valueName\":\"search_term_string\"}}],\"inLanguage\":\"fr-FR\"}]}<\/script>\n<!-- \/ Yoast SEO plugin. -->","yoast_head_json":{"title":"\u00c0 propos de L\u2019\u00eelot Pilates - Les origines de la m\u00e9thode Pilates","description":"Avec l'\u00eelot Pilates : d\u00e9couvrez les origines de la m\u00e9thode Pilates et votre Professeure de Pilates certifi\u00e9e aux Sables d'Olonne.","robots":{"index":"index","follow":"follow","max-snippet":"max-snippet:-1","max-image-preview":"max-image-preview:large","max-video-preview":"max-video-preview:-1"},"canonical":"https:\/\/lilotpilates.com\/index.php\/a-propos-methode-pilate\/","og_locale":"fr_FR","og_type":"article","og_title":"\u00c0 propos de L\u2019\u00eelot Pilates - Les origines de la m\u00e9thode Pilates","og_description":"Avec l'\u00eelot Pilates : d\u00e9couvrez les origines de la m\u00e9thode Pilates et votre Professeure de Pilates certifi\u00e9e aux Sables d'Olonne.","og_url":"https:\/\/lilotpilates.com\/index.php\/a-propos-methode-pilate\/","og_site_name":"L\u2019\u00eelot Pilates","article_modified_time":"2025-06-04T13:21:49+00:00","og_image":[{"width":957,"height":526,"url":"https:\/\/lilotpilates.com\/wp-content\/uploads\/2025\/05\/Joseph-Pilates-MatClass.png","type":"image\/png"}],"twitter_card":"summary_large_image","twitter_misc":{"Dur\u00e9e de lecture estim\u00e9e":"1 minute"},"schema":{"@context":"https:\/\/schema.org","@graph":[{"@type":"WebPage","@id":"https:\/\/lilotpilates.com\/index.php\/a-propos-methode-pilate\/","url":"https:\/\/lilotpilates.com\/index.php\/a-propos-methode-pilate\/","name":"\u00c0 propos de L\u2019\u00eelot Pilates - Les origines de la m\u00e9thode Pilates","isPartOf":{"@id":"https:\/\/lilotpilates.com\/#website"},"primaryImageOfPage":{"@id":"https:\/\/lilotpilates.com\/index.php\/a-propos-methode-pilate\/#primaryimage"},"image":{"@id":"https:\/\/lilotpilates.com\/index.php\/a-propos-methode-pilate\/#primaryimage"},"thumbnailUrl":"https:\/\/lilotpilates.com\/wp-content\/uploads\/2025\/05\/Joseph-Pilates-MatClass.png","datePublished":"2025-05-14T19:43:06+00:00","dateModified":"2025-06-04T13:21:49+00:00","description":"Avec l'\u00eelot Pilates : d\u00e9couvrez les origines de la m\u00e9thode Pilates et votre Professeure de Pilates certifi\u00e9e aux Sables d'Olonne.","breadcrumb":{"@id":"https:\/\/lilotpilates.com\/index.php\/a-propos-methode-pilate\/#breadcrumb"},"inLanguage":"fr-FR","potentialAction":[{"@type":"ReadAction","target":["https:\/\/lilotpilates.com\/index.php\/a-propos-methode-pilate\/"]}]},{"@type":"ImageObject","inLanguage":"fr-FR","@id":"https:\/\/lilotpilates.com\/index.php\/a-propos-methode-pilate\/#primaryimage","url":"https:\/\/lilotpilates.com\/wp-content\/uploads\/2025\/05\/Joseph-Pilates-MatClass.png","contentUrl":"https:\/\/lilotpilates.com\/wp-content\/uploads\/2025\/05\/Joseph-Pilates-MatClass.png","width":957,"height":526},{"@type":"BreadcrumbList","@id":"https:\/\/lilotpilates.com\/index.php\/a-propos-methode-pilate\/#breadcrumb","itemListElement":[{"@type":"ListItem","position":1,"name":"Accueil","item":"https:\/\/lilotpilates.com\/"},{"@type":"ListItem","position":2,"name":"\u00c0 propos"}]},{"@type":"WebSite","@id":"https:\/\/lilotpilates.com\/#website","url":"https:\/\/lilotpilates.com\/","name":"L\u2019\u00eelot Pilates","description":"Respirer. Bouger. Se renforcer.","potentialAction":[{"@type":"SearchAction","target":{"@type":"EntryPoint","urlTemplate":"https:\/\/lilotpilates.com\/?s={search_term_string}"},"query-input":{"@type":"PropertyValueSpecification","valueRequired":true,"valueName":"search_term_string"}}],"inLanguage":"fr-FR"}]}},"_links":{"self":[{"href":"https:\/\/lilotpilates.com\/index.php\/wp-json\/wp\/v2\/pages\/80","targetHints":{"allow":["GET"]}}],"collection":[{"href":"https:\/\/lilotpilates.com\/index.php\/wp-json\/wp\/v2\/pages"}],"about":[{"href":"https:\/\/lilotpilates.com\/index.php\/wp-json\/wp\/v2\/types\/page"}],"author":[{"embeddable":true,"href":"https:\/\/lilotpilates.com\/index.php\/wp-json\/wp\/v2\/users\/1"}],"replies":[{"embeddable":true,"href":"https:\/\/lilotpilates.com\/index.php\/wp-json\/wp\/v2\/comments?post=80"}],"version-history":[{"count":9,"href":"https:\/\/lilotpilates.com\/index.php\/wp-json\/wp\/v2\/pages\/80\/revisions"}],"predecessor-version":[{"id":456,"href":"https:\/\/lilotpilates.com\/index.php\/wp-json\/wp\/v2\/pages\/80\/revisions\/456"}],"wp:attachment":[{"href":"https:\/\/lilotpilates.com\/index.php\/wp-json\/wp\/v2\/media?parent=80"}],"curies":[{"name":"wp","href":"https:\/\/api.w.org\/{rel}","templated":true}]}}