{"id":65,"date":"2025-05-14T21:38:24","date_gmt":"2025-05-14T19:38:24","guid":{"rendered":"https:\/\/lilotpilates.com\/?page_id=65"},"modified":"2026-03-24T23:38:25","modified_gmt":"2026-03-24T22:38:25","slug":"tarifs-cours-pilates","status":"publish","type":"page","link":"https:\/\/lilotpilates.com\/index.php\/tarifs-cours-pilates\/","title":{"rendered":"Tarifs"},"content":{"rendered":"\n<figure class=\"wp-block-table\"><table class=\"has-fixed-layout\"><tbody><tr><td><strong><mark style=\"background-color:rgba(0, 0, 0, 0);color:#82c46c\" class=\"has-inline-color\">TARIFS<\/mark><\/strong><\/td><td><strong><mark style=\"background-color:rgba(0, 0, 0, 0);color:#82c46c\" class=\"has-inline-color\">COURS SUR TAPIS<\/mark><\/strong><\/td><td><strong><mark style=\"background-color:rgba(0, 0, 0, 0);color:#82c46c\" class=\"has-inline-color\">VALIDITE<\/mark><\/strong><\/td><\/tr><tr><td>Cours \u00e0 l\u2019unit\u00e9<\/td><td>15 \u20ac<\/td><td><\/td><\/tr><tr><td>Carte de 10 cours<\/td><td>140 \u20ac (soit 14\u20ac \/ cours)<\/td><td>3 mois<\/td><\/tr><tr><td>Carte de 30 cours<\/td><td>390\u20ac (soit 13\u20ac \/ cours)<\/td><td>10 mois<\/td><\/tr><tr><td>Abonnement 1 cours \/ semaine \u00e0 l&rsquo;ann\u00e9e<mark style=\"background-color:rgba(0, 0, 0, 0);color:#82c46c\" class=\"has-inline-color\">*<\/mark> <\/td><td>420\u20ac (soit 12\u20ac \/ cours)<\/td><td>10 mois<\/td><\/tr><tr><td>Abonnement 2 cours \/ semaine \u00e0 l&rsquo;ann\u00e9e<mark style=\"background-color:rgba(0, 0, 0, 0);color:#82c46c\" class=\"has-inline-color\">*<\/mark><\/td><td>700\u20ac (soit 10\u20ac \/ cours)<\/td><td>10 mois<\/td><\/tr><tr><td>Adh\u00e9sion obligatoire \u00e0 l&rsquo;Association \u00ab\u00a0Mouv aux 3 Caps\u00a0\u00bb<\/td><td>20\u20ac<\/td><td>12 mois (de septembre \u00e0 ao\u00fbt)<\/td><\/tr><\/tbody><\/table><\/figure>\n\n\n\n<h4 class=\"wp-block-heading\">Modalit\u00e9s d&rsquo;inscription <\/h4>\n\n\n\n<p><mark style=\"background-color:rgba(0, 0, 0, 0);color:#82c46c\" class=\"has-inline-color\">*Abonnements :<\/mark> Votre abonnement est valable du 1<sup>er<\/sup> septembre 2025 au 27 juin 2026 et vos cours sont assur\u00e9s toutes les semaines, hors vacacances scolaires, dimanches et jours f\u00e9ri\u00e9s. Les cours propos\u00e9s pendant les vacances sont en suppl\u00e9ment de votre abonnement annuel.<\/p>\n\n\n\n<p>L&rsquo;inscription vous engage sur un cr\u00e9neau horaire fixe. Vous pouvez demander de changer de cr\u00e9neau ponctuellement, si des places sont disponibles dans d&rsquo;autres cours. <\/p>\n\n\n\n<p>Vous pouvez r\u00e9gler vos s\u00e9ances en plusieurs fois.<\/p>\n\n\n\n<p>En cas d&rsquo;annulation d&rsquo;une s\u00e9ance, pr\u00e9venez au minimum 48h \u00e0 l&rsquo;avance. Toute s\u00e9ance non annul\u00e9e dans ce d\u00e9lai est automatiquement d\u00e9compt\u00e9e.<\/p>\n\n\n\n<p>Votre inscription est nominative et non remboursable.<\/p>\n\n\n\n<p>Votre cours d\u2019essai de <a href=\"https:\/\/lilotpilates.com\/index.php\/pilates-sur-tapis\/\">Pilates sur tapis<\/a> est au tarif d\u2019un cours de Pilates \u00e0 l\u2019unit\u00e9.<\/p>\n\n\n\n<p>Vous vous engagez \u00e0 fournir un certificat m\u00e9dical de non contre-indication \u00e0 la pratique du Pilates datant de moins de 3 ans.<\/p>\n\n\n\n<h3 class=\"wp-block-heading\"><strong><mark style=\"background-color:rgba(0, 0, 0, 0);color:#82c46c\" class=\"has-inline-color\">COURS DE PILATES SUR APPAREIL (Reformer, Cadillac)<\/mark><\/strong><\/h3>\n\n\n\n<p>Vous souhaitez pratiquer la m\u00e9thode Pilates sur appareil Reformer ou Cadillac ? <\/p>\n\n\n\n<p><strong><a href=\"https:\/\/lilotpilates.com\/index.php\/contact-reservation\/\" data-type=\"page\" data-id=\"31\">Contactez-moi<\/a><\/strong> pour plus d&rsquo;information.<\/p>\n\n\n\n<p class=\"has-text-align-center\">Suivez toute l&rsquo;actualit\u00e9 des cours de Pilates et \u00e9v\u00e8nements sur les r\u00e9seaux sociaux :<\/p>\n\n\n\n<p class=\"has-text-align-center\"><a href=\"https:\/\/www.facebook.com\/profile.php?id=61560023410142\">Facebook<\/a><\/p>\n\n\n\n<p class=\"has-text-align-center\"><a href=\"https:\/\/www.instagram.com\/lilotpilates.fanny.chouinard\/\">Instagram<\/a><\/p>\n","protected":false},"excerpt":{"rendered":"<p>TARIFS COURS SUR TAPIS VALIDITE Cours \u00e0 l\u2019unit\u00e9 15 \u20ac Carte de 10 cours 140 \u20ac (soit 14\u20ac \/ cours) 3 mois Carte de 30 cours 390\u20ac (soit 13\u20ac \/ cours) 10 mois Abonnement 1 cours \/ semaine \u00e0 l&rsquo;ann\u00e9e* 420\u20ac (soit 12\u20ac \/ cours) 10 mois Abonnement 2 cours \/ semaine \u00e0 l&rsquo;ann\u00e9e* 700\u20ac &hellip; <\/p>\n","protected":false},"author":1,"featured_media":0,"parent":0,"menu_order":0,"comment_status":"closed","ping_status":"closed","template":"","meta":{"footnotes":""},"class_list":["post-65","page","type-page","status-publish","hentry"],"yoast_head":"<!-- This site is optimized with the Yoast SEO plugin v27.4 - https:\/\/yoast.com\/product\/yoast-seo-wordpress\/ -->\n<title>Tarifs - Cours L\u2019\u00eelot Pilates<\/title>\n<meta name=\"description\" content=\"Choisissez votre cours de Pilates de votre choix aux Sables et retrouvez les tarifs des cours de Pilates : \u00e0 l&#039;unit\u00e9, carte, abonnement\" \/>\n<meta name=\"robots\" content=\"index, follow, max-snippet:-1, max-image-preview:large, max-video-preview:-1\" \/>\n<link rel=\"canonical\" href=\"https:\/\/lilotpilates.com\/index.php\/tarifs-cours-pilates\/\" \/>\n<meta property=\"og:locale\" content=\"fr_FR\" \/>\n<meta property=\"og:type\" content=\"article\" \/>\n<meta property=\"og:title\" content=\"Tarifs - Cours L\u2019\u00eelot Pilates\" \/>\n<meta property=\"og:description\" content=\"Choisissez votre cours de Pilates de votre choix aux Sables et retrouvez les tarifs des cours de Pilates : \u00e0 l&#039;unit\u00e9, carte, abonnement\" \/>\n<meta property=\"og:url\" content=\"https:\/\/lilotpilates.com\/index.php\/tarifs-cours-pilates\/\" \/>\n<meta property=\"og:site_name\" content=\"L\u2019\u00eelot Pilates\" \/>\n<meta property=\"article:modified_time\" content=\"2026-03-24T22:38:25+00:00\" \/>\n<meta name=\"twitter:card\" content=\"summary_large_image\" \/>\n<meta name=\"twitter:label1\" content=\"Dur\u00e9e de lecture estim\u00e9e\" \/>\n\t<meta name=\"twitter:data1\" content=\"2 minutes\" \/>\n<script type=\"application\/ld+json\" class=\"yoast-schema-graph\">{\"@context\":\"https:\\\/\\\/schema.org\",\"@graph\":[{\"@type\":\"WebPage\",\"@id\":\"https:\\\/\\\/lilotpilates.com\\\/index.php\\\/tarifs-cours-pilates\\\/\",\"url\":\"https:\\\/\\\/lilotpilates.com\\\/index.php\\\/tarifs-cours-pilates\\\/\",\"name\":\"Tarifs - Cours L\u2019\u00eelot Pilates\",\"isPartOf\":{\"@id\":\"https:\\\/\\\/lilotpilates.com\\\/#website\"},\"datePublished\":\"2025-05-14T19:38:24+00:00\",\"dateModified\":\"2026-03-24T22:38:25+00:00\",\"description\":\"Choisissez votre cours de Pilates de votre choix aux Sables et retrouvez les tarifs des cours de Pilates : \u00e0 l'unit\u00e9, carte, abonnement\",\"breadcrumb\":{\"@id\":\"https:\\\/\\\/lilotpilates.com\\\/index.php\\\/tarifs-cours-pilates\\\/#breadcrumb\"},\"inLanguage\":\"fr-FR\",\"potentialAction\":[{\"@type\":\"ReadAction\",\"target\":[\"https:\\\/\\\/lilotpilates.com\\\/index.php\\\/tarifs-cours-pilates\\\/\"]}]},{\"@type\":\"BreadcrumbList\",\"@id\":\"https:\\\/\\\/lilotpilates.com\\\/index.php\\\/tarifs-cours-pilates\\\/#breadcrumb\",\"itemListElement\":[{\"@type\":\"ListItem\",\"position\":1,\"name\":\"Accueil\",\"item\":\"https:\\\/\\\/lilotpilates.com\\\/\"},{\"@type\":\"ListItem\",\"position\":2,\"name\":\"Tarifs\"}]},{\"@type\":\"WebSite\",\"@id\":\"https:\\\/\\\/lilotpilates.com\\\/#website\",\"url\":\"https:\\\/\\\/lilotpilates.com\\\/\",\"name\":\"L\u2019\u00eelot Pilates\",\"description\":\"Respirer. Bouger. Se renforcer.\",\"potentialAction\":[{\"@type\":\"SearchAction\",\"target\":{\"@type\":\"EntryPoint\",\"urlTemplate\":\"https:\\\/\\\/lilotpilates.com\\\/?s={search_term_string}\"},\"query-input\":{\"@type\":\"PropertyValueSpecification\",\"valueRequired\":true,\"valueName\":\"search_term_string\"}}],\"inLanguage\":\"fr-FR\"}]}<\/script>\n<!-- \/ Yoast SEO plugin. -->","yoast_head_json":{"title":"Tarifs - Cours L\u2019\u00eelot Pilates","description":"Choisissez votre cours de Pilates de votre choix aux Sables et retrouvez les tarifs des cours de Pilates : \u00e0 l'unit\u00e9, carte, abonnement","robots":{"index":"index","follow":"follow","max-snippet":"max-snippet:-1","max-image-preview":"max-image-preview:large","max-video-preview":"max-video-preview:-1"},"canonical":"https:\/\/lilotpilates.com\/index.php\/tarifs-cours-pilates\/","og_locale":"fr_FR","og_type":"article","og_title":"Tarifs - Cours L\u2019\u00eelot Pilates","og_description":"Choisissez votre cours de Pilates de votre choix aux Sables et retrouvez les tarifs des cours de Pilates : \u00e0 l'unit\u00e9, carte, abonnement","og_url":"https:\/\/lilotpilates.com\/index.php\/tarifs-cours-pilates\/","og_site_name":"L\u2019\u00eelot Pilates","article_modified_time":"2026-03-24T22:38:25+00:00","twitter_card":"summary_large_image","twitter_misc":{"Dur\u00e9e de lecture estim\u00e9e":"2 minutes"},"schema":{"@context":"https:\/\/schema.org","@graph":[{"@type":"WebPage","@id":"https:\/\/lilotpilates.com\/index.php\/tarifs-cours-pilates\/","url":"https:\/\/lilotpilates.com\/index.php\/tarifs-cours-pilates\/","name":"Tarifs - Cours L\u2019\u00eelot Pilates","isPartOf":{"@id":"https:\/\/lilotpilates.com\/#website"},"datePublished":"2025-05-14T19:38:24+00:00","dateModified":"2026-03-24T22:38:25+00:00","description":"Choisissez votre cours de Pilates de votre choix aux Sables et retrouvez les tarifs des cours de Pilates : \u00e0 l'unit\u00e9, carte, abonnement","breadcrumb":{"@id":"https:\/\/lilotpilates.com\/index.php\/tarifs-cours-pilates\/#breadcrumb"},"inLanguage":"fr-FR","potentialAction":[{"@type":"ReadAction","target":["https:\/\/lilotpilates.com\/index.php\/tarifs-cours-pilates\/"]}]},{"@type":"BreadcrumbList","@id":"https:\/\/lilotpilates.com\/index.php\/tarifs-cours-pilates\/#breadcrumb","itemListElement":[{"@type":"ListItem","position":1,"name":"Accueil","item":"https:\/\/lilotpilates.com\/"},{"@type":"ListItem","position":2,"name":"Tarifs"}]},{"@type":"WebSite","@id":"https:\/\/lilotpilates.com\/#website","url":"https:\/\/lilotpilates.com\/","name":"L\u2019\u00eelot Pilates","description":"Respirer. Bouger. Se renforcer.","potentialAction":[{"@type":"SearchAction","target":{"@type":"EntryPoint","urlTemplate":"https:\/\/lilotpilates.com\/?s={search_term_string}"},"query-input":{"@type":"PropertyValueSpecification","valueRequired":true,"valueName":"search_term_string"}}],"inLanguage":"fr-FR"}]}},"_links":{"self":[{"href":"https:\/\/lilotpilates.com\/index.php\/wp-json\/wp\/v2\/pages\/65","targetHints":{"allow":["GET"]}}],"collection":[{"href":"https:\/\/lilotpilates.com\/index.php\/wp-json\/wp\/v2\/pages"}],"about":[{"href":"https:\/\/lilotpilates.com\/index.php\/wp-json\/wp\/v2\/types\/page"}],"author":[{"embeddable":true,"href":"https:\/\/lilotpilates.com\/index.php\/wp-json\/wp\/v2\/users\/1"}],"replies":[{"embeddable":true,"href":"https:\/\/lilotpilates.com\/index.php\/wp-json\/wp\/v2\/comments?post=65"}],"version-history":[{"count":31,"href":"https:\/\/lilotpilates.com\/index.php\/wp-json\/wp\/v2\/pages\/65\/revisions"}],"predecessor-version":[{"id":581,"href":"https:\/\/lilotpilates.com\/index.php\/wp-json\/wp\/v2\/pages\/65\/revisions\/581"}],"wp:attachment":[{"href":"https:\/\/lilotpilates.com\/index.php\/wp-json\/wp\/v2\/media?parent=65"}],"curies":[{"name":"wp","href":"https:\/\/api.w.org\/{rel}","templated":true}]}}