{"id":64,"date":"2025-05-14T21:38:24","date_gmt":"2025-05-14T19:38:24","guid":{"rendered":"https:\/\/lilotpilates.com\/?page_id=64"},"modified":"2025-06-12T13:53:19","modified_gmt":"2025-06-12T11:53:19","slug":"planning-pilates-les-sables","status":"publish","type":"page","link":"https:\/\/lilotpilates.com\/index.php\/planning-pilates-les-sables\/","title":{"rendered":"Planning"},"content":{"rendered":"\n<p>Planning des cours de Pilates aux Sables d&rsquo;Olonne :<\/p>\n\n\n\n<div class=\"wp-block-buttons is-content-justification-center is-layout-flex wp-container-core-buttons-is-layout-16018d1d wp-block-buttons-is-layout-flex\">\n<div class=\"wp-block-button\"><a class=\"wp-block-button__link has-text-align-center wp-element-button\"><mark style=\"background-color:rgba(0, 0, 0, 0)\" class=\"has-inline-color has-white-color\">LUNDI : 10h-11h (Niv I\/II)<\/mark><\/a><\/div>\n\n\n\n<div class=\"wp-block-button\"><a class=\"wp-block-button__link wp-element-button\"><mark style=\"background-color:rgba(0, 0, 0, 0)\" class=\"has-inline-color has-white-color\">MARDI : 11h30-12h30<strong>*<\/strong> (Niv I)<\/mark><\/a><\/div>\n\n\n\n<div class=\"wp-block-button\"><a class=\"wp-block-button__link wp-element-button\"><mark style=\"background-color:rgba(0, 0, 0, 0)\" class=\"has-inline-color has-white-color\">JEUDI : 11h-12h (Niv I\/II) &amp; 18h15-19h15 (Niv I\/II)<\/mark><\/a><\/div>\n<\/div>\n\n\n\n<p><\/p>\n\n\n\n<p class=\"has-text-align-center\">Les cours ont lieu dans les nouveaux studios de l&rsquo;Association Mouv\u2019 aux 3 Caps, <a href=\"https:\/\/www.google.fr\/maps\/place\/Mouv'+aux+3+caps\/@46.4995397,-1.7577619,17z\/data=!3m1!4b1!4m6!3m5!1s0x4804694841cd9f8d:0x6f7ef81c150d7617!8m2!3d46.499536!4d-1.755187!16s%2Fg%2F11w7hbqv_0?entry=ttu&amp;g_ep=EgoyMDI1MDUyOC4wIKXMDSoASAFQAw%3D%3D\" data-type=\"link\" data-id=\"https:\/\/www.google.fr\/maps\/place\/Mouv'+aux+3+caps\/@46.4995397,-1.7577619,17z\/data=!3m1!4b1!4m6!3m5!1s0x4804694841cd9f8d:0x6f7ef81c150d7617!8m2!3d46.499536!4d-1.755187!16s%2Fg%2F11w7hbqv_0?entry=ttu&amp;g_ep=EgoyMDI1MDUyOC4wIKXMDSoASAFQAw%3D%3D\" target=\"_blank\" rel=\"noreferrer noopener\">40 Rue des Fr\u00e8res Michelin, 85180 Les Sables-d&rsquo;Olonne<\/a>.<\/p>\n\n\n\n<p class=\"has-text-align-center\"><strong>*<\/strong>Nouveau cours d\u00e9butant <a href=\"https:\/\/lilotpilates.com\/index.php\/pilates-sur-tapis\/\">sur tapis <\/a>le mardi \u00e0 11h30 : sous r\u00e9serve d&rsquo;inscriptions suffisantes.<\/p>\n\n\n\n<p class=\"has-text-align-center\">Apportez votre tapis, une tenue souple adapt\u00e9e et de l&rsquo;eau.<\/p>\n\n\n\n<p class=\"has-text-align-center\">Cours sur<a href=\"https:\/\/lilotpilates.com\/index.php\/pilates-sur-appareil-reformer\/\"> appareils Reformer et Cadillac<\/a>, ou bien cours <a href=\"https:\/\/lilotpilates.com\/index.php\/autres-domicile-evjf-anniversaire\/\">\u00e0 domicile<\/a> : \u00e0 la demande.<\/p>\n\n\n\n<p class=\"has-text-align-center\">Des cours de Pilates en plein air peuvent \u00eatre propos\u00e9s l\u2019\u00e9t\u00e9 : un planning adapt\u00e9 des cours de Pilates aux Sables d&rsquo;Olonne est propos\u00e9 pour le mois de juillet.<\/p>\n\n\n\n<p class=\"has-text-align-center\"><a href=\"https:\/\/lilotpilates.com\/index.php\/contact-reservation\/\" data-type=\"page\" data-id=\"31\"><strong>Contactez-moi<\/strong><\/a> pour plus d\u2019information.<\/p>\n\n\n\n<figure class=\"wp-block-gallery aligncenter has-nested-images columns-default is-cropped wp-block-gallery-1 is-layout-flex wp-block-gallery-is-layout-flex\">\n<figure class=\"wp-block-image size-large\"><img loading=\"lazy\" decoding=\"async\" width=\"1024\" height=\"683\" data-id=\"290\" src=\"https:\/\/lilotpilates.com\/wp-content\/uploads\/2025\/05\/full-shot-women-practicing-pilates-1024x683.jpg\" alt=\"\" class=\"wp-image-290\" srcset=\"https:\/\/lilotpilates.com\/wp-content\/uploads\/2025\/05\/full-shot-women-practicing-pilates-1024x683.jpg 1024w, https:\/\/lilotpilates.com\/wp-content\/uploads\/2025\/05\/full-shot-women-practicing-pilates-300x200.jpg 300w, https:\/\/lilotpilates.com\/wp-content\/uploads\/2025\/05\/full-shot-women-practicing-pilates-768x512.jpg 768w, https:\/\/lilotpilates.com\/wp-content\/uploads\/2025\/05\/full-shot-women-practicing-pilates-1536x1024.jpg 1536w, https:\/\/lilotpilates.com\/wp-content\/uploads\/2025\/05\/full-shot-women-practicing-pilates-2048x1365.jpg 2048w, https:\/\/lilotpilates.com\/wp-content\/uploads\/2025\/05\/full-shot-women-practicing-pilates-90x60.jpg 90w\" sizes=\"auto, (max-width: 1024px) 100vw, 1024px\" \/><\/figure>\n\n\n\n<figure class=\"wp-block-image size-large\"><img loading=\"lazy\" decoding=\"async\" width=\"1024\" height=\"683\" data-id=\"336\" src=\"https:\/\/lilotpilates.com\/wp-content\/uploads\/2025\/06\/Pilates-adulte-homme-et-femme-s-entrainant-ensemble-1-1024x683.jpg\" alt=\"\" class=\"wp-image-336\" srcset=\"https:\/\/lilotpilates.com\/wp-content\/uploads\/2025\/06\/Pilates-adulte-homme-et-femme-s-entrainant-ensemble-1-1024x683.jpg 1024w, https:\/\/lilotpilates.com\/wp-content\/uploads\/2025\/06\/Pilates-adulte-homme-et-femme-s-entrainant-ensemble-1-300x200.jpg 300w, https:\/\/lilotpilates.com\/wp-content\/uploads\/2025\/06\/Pilates-adulte-homme-et-femme-s-entrainant-ensemble-1-768x512.jpg 768w, https:\/\/lilotpilates.com\/wp-content\/uploads\/2025\/06\/Pilates-adulte-homme-et-femme-s-entrainant-ensemble-1-1536x1024.jpg 1536w, https:\/\/lilotpilates.com\/wp-content\/uploads\/2025\/06\/Pilates-adulte-homme-et-femme-s-entrainant-ensemble-1-2048x1365.jpg 2048w, https:\/\/lilotpilates.com\/wp-content\/uploads\/2025\/06\/Pilates-adulte-homme-et-femme-s-entrainant-ensemble-1-90x60.jpg 90w\" sizes=\"auto, (max-width: 1024px) 100vw, 1024px\" \/><\/figure>\n\n\n\n<figure class=\"wp-block-image size-large\"><img loading=\"lazy\" decoding=\"async\" width=\"1024\" height=\"683\" data-id=\"339\" src=\"https:\/\/lilotpilates.com\/wp-content\/uploads\/2025\/06\/woman-practicing-magic-circle-ring-pilates-1024x683.jpg\" alt=\"\" class=\"wp-image-339\" srcset=\"https:\/\/lilotpilates.com\/wp-content\/uploads\/2025\/06\/woman-practicing-magic-circle-ring-pilates-1024x683.jpg 1024w, https:\/\/lilotpilates.com\/wp-content\/uploads\/2025\/06\/woman-practicing-magic-circle-ring-pilates-300x200.jpg 300w, https:\/\/lilotpilates.com\/wp-content\/uploads\/2025\/06\/woman-practicing-magic-circle-ring-pilates-768x512.jpg 768w, https:\/\/lilotpilates.com\/wp-content\/uploads\/2025\/06\/woman-practicing-magic-circle-ring-pilates-1536x1024.jpg 1536w, https:\/\/lilotpilates.com\/wp-content\/uploads\/2025\/06\/woman-practicing-magic-circle-ring-pilates-2048x1365.jpg 2048w, https:\/\/lilotpilates.com\/wp-content\/uploads\/2025\/06\/woman-practicing-magic-circle-ring-pilates-90x60.jpg 90w\" sizes=\"auto, (max-width: 1024px) 100vw, 1024px\" \/><\/figure>\n\n\n\n<figure class=\"wp-block-image size-large\"><img loading=\"lazy\" decoding=\"async\" width=\"1024\" height=\"819\" data-id=\"337\" src=\"https:\/\/lilotpilates.com\/wp-content\/uploads\/2025\/06\/femme-senior-blonde-pilates-shoulder-bridge-pont-1024x819.jpg\" alt=\"\" class=\"wp-image-337\" srcset=\"https:\/\/lilotpilates.com\/wp-content\/uploads\/2025\/06\/femme-senior-blonde-pilates-shoulder-bridge-pont-1024x819.jpg 1024w, https:\/\/lilotpilates.com\/wp-content\/uploads\/2025\/06\/femme-senior-blonde-pilates-shoulder-bridge-pont-300x240.jpg 300w, https:\/\/lilotpilates.com\/wp-content\/uploads\/2025\/06\/femme-senior-blonde-pilates-shoulder-bridge-pont-768x614.jpg 768w, https:\/\/lilotpilates.com\/wp-content\/uploads\/2025\/06\/femme-senior-blonde-pilates-shoulder-bridge-pont-1536x1229.jpg 1536w, https:\/\/lilotpilates.com\/wp-content\/uploads\/2025\/06\/femme-senior-blonde-pilates-shoulder-bridge-pont-2048x1639.jpg 2048w, https:\/\/lilotpilates.com\/wp-content\/uploads\/2025\/06\/femme-senior-blonde-pilates-shoulder-bridge-pont-75x60.jpg 75w\" sizes=\"auto, (max-width: 1024px) 100vw, 1024px\" \/><\/figure>\n\n\n\n<figure class=\"wp-block-image size-large\"><img loading=\"lazy\" decoding=\"async\" width=\"1024\" height=\"683\" data-id=\"334\" src=\"https:\/\/lilotpilates.com\/wp-content\/uploads\/2025\/06\/Pilates-couple-de-personnes-agees-faisant-des-exercices-ensemble-1024x683.jpg\" alt=\"\" class=\"wp-image-334\" srcset=\"https:\/\/lilotpilates.com\/wp-content\/uploads\/2025\/06\/Pilates-couple-de-personnes-agees-faisant-des-exercices-ensemble-1024x683.jpg 1024w, https:\/\/lilotpilates.com\/wp-content\/uploads\/2025\/06\/Pilates-couple-de-personnes-agees-faisant-des-exercices-ensemble-300x200.jpg 300w, https:\/\/lilotpilates.com\/wp-content\/uploads\/2025\/06\/Pilates-couple-de-personnes-agees-faisant-des-exercices-ensemble-768x512.jpg 768w, https:\/\/lilotpilates.com\/wp-content\/uploads\/2025\/06\/Pilates-couple-de-personnes-agees-faisant-des-exercices-ensemble-1536x1024.jpg 1536w, https:\/\/lilotpilates.com\/wp-content\/uploads\/2025\/06\/Pilates-couple-de-personnes-agees-faisant-des-exercices-ensemble-2048x1365.jpg 2048w, https:\/\/lilotpilates.com\/wp-content\/uploads\/2025\/06\/Pilates-couple-de-personnes-agees-faisant-des-exercices-ensemble-90x60.jpg 90w\" sizes=\"auto, (max-width: 1024px) 100vw, 1024px\" \/><\/figure>\n<\/figure>\n\n\n\n<p class=\"has-text-align-center\">Suivez toute l&rsquo;actualit\u00e9 des cours de Pilates et \u00e9v\u00e8nements sur les r\u00e9seaux sociaux :<\/p>\n\n\n\n<p class=\"has-text-align-center\"><a href=\"https:\/\/www.facebook.com\/profile.php?id=61560023410142\">Facebook<\/a><\/p>\n\n\n\n<p class=\"has-text-align-center\"><a href=\"https:\/\/www.instagram.com\/lilotpilates.fanny.chouinard\/\">Instagram<\/a><\/p>\n","protected":false},"excerpt":{"rendered":"<p>Planning des cours de Pilates aux Sables d&rsquo;Olonne : Les cours ont lieu dans les nouveaux studios de l&rsquo;Association Mouv\u2019 aux 3 Caps, 40 Rue des Fr\u00e8res Michelin, 85180 Les Sables-d&rsquo;Olonne. *Nouveau cours d\u00e9butant sur tapis le mardi \u00e0 11h30 : sous r\u00e9serve d&rsquo;inscriptions suffisantes. Apportez votre tapis, une tenue souple adapt\u00e9e et de l&rsquo;eau. &hellip; <\/p>\n","protected":false},"author":1,"featured_media":0,"parent":0,"menu_order":0,"comment_status":"closed","ping_status":"closed","template":"","meta":{"footnotes":""},"class_list":["post-64","page","type-page","status-publish","hentry"],"yoast_head":"<!-- This site is optimized with the Yoast SEO plugin v27.4 - https:\/\/yoast.com\/product\/yoast-seo-wordpress\/ -->\n<title>Planning cours de Pilates - L\u2019\u00eelot Pilates - Les Sables d&#039;Olonne<\/title>\n<meta name=\"description\" content=\"Renforcez votre corps et am\u00e9liorez votre posture : choisissez votre cours sur le planning des cours de Pilates aux Sables d&#039;Olonne.\" \/>\n<meta name=\"robots\" content=\"index, follow, max-snippet:-1, max-image-preview:large, max-video-preview:-1\" \/>\n<link rel=\"canonical\" href=\"https:\/\/lilotpilates.com\/index.php\/planning-pilates-les-sables\/\" \/>\n<meta property=\"og:locale\" content=\"fr_FR\" \/>\n<meta property=\"og:type\" content=\"article\" \/>\n<meta property=\"og:title\" content=\"Planning cours de Pilates - L\u2019\u00eelot Pilates - Les Sables d&#039;Olonne\" \/>\n<meta property=\"og:description\" content=\"Renforcez votre corps et am\u00e9liorez votre posture : choisissez votre cours sur le planning des cours de Pilates aux Sables d&#039;Olonne.\" \/>\n<meta property=\"og:url\" content=\"https:\/\/lilotpilates.com\/index.php\/planning-pilates-les-sables\/\" \/>\n<meta property=\"og:site_name\" content=\"L\u2019\u00eelot Pilates\" \/>\n<meta property=\"article:modified_time\" content=\"2025-06-12T11:53:19+00:00\" \/>\n<meta property=\"og:image\" content=\"https:\/\/lilotpilates.com\/wp-content\/uploads\/2025\/05\/full-shot-women-practicing-pilates-scaled.jpg\" \/>\n\t<meta property=\"og:image:width\" content=\"2560\" \/>\n\t<meta property=\"og:image:height\" content=\"1707\" \/>\n\t<meta property=\"og:image:type\" content=\"image\/jpeg\" \/>\n<meta name=\"twitter:card\" content=\"summary_large_image\" \/>\n<meta name=\"twitter:label1\" content=\"Dur\u00e9e de lecture estim\u00e9e\" \/>\n\t<meta name=\"twitter:data1\" content=\"2 minutes\" \/>\n<script type=\"application\/ld+json\" class=\"yoast-schema-graph\">{\"@context\":\"https:\\\/\\\/schema.org\",\"@graph\":[{\"@type\":\"WebPage\",\"@id\":\"https:\\\/\\\/lilotpilates.com\\\/index.php\\\/planning-pilates-les-sables\\\/\",\"url\":\"https:\\\/\\\/lilotpilates.com\\\/index.php\\\/planning-pilates-les-sables\\\/\",\"name\":\"Planning cours de Pilates - L\u2019\u00eelot Pilates - Les Sables d'Olonne\",\"isPartOf\":{\"@id\":\"https:\\\/\\\/lilotpilates.com\\\/#website\"},\"primaryImageOfPage\":{\"@id\":\"https:\\\/\\\/lilotpilates.com\\\/index.php\\\/planning-pilates-les-sables\\\/#primaryimage\"},\"image\":{\"@id\":\"https:\\\/\\\/lilotpilates.com\\\/index.php\\\/planning-pilates-les-sables\\\/#primaryimage\"},\"thumbnailUrl\":\"https:\\\/\\\/lilotpilates.com\\\/wp-content\\\/uploads\\\/2025\\\/05\\\/full-shot-women-practicing-pilates-1024x683.jpg\",\"datePublished\":\"2025-05-14T19:38:24+00:00\",\"dateModified\":\"2025-06-12T11:53:19+00:00\",\"description\":\"Renforcez votre corps et am\u00e9liorez votre posture : choisissez votre cours sur le planning des cours de Pilates aux Sables d'Olonne.\",\"breadcrumb\":{\"@id\":\"https:\\\/\\\/lilotpilates.com\\\/index.php\\\/planning-pilates-les-sables\\\/#breadcrumb\"},\"inLanguage\":\"fr-FR\",\"potentialAction\":[{\"@type\":\"ReadAction\",\"target\":[\"https:\\\/\\\/lilotpilates.com\\\/index.php\\\/planning-pilates-les-sables\\\/\"]}]},{\"@type\":\"ImageObject\",\"inLanguage\":\"fr-FR\",\"@id\":\"https:\\\/\\\/lilotpilates.com\\\/index.php\\\/planning-pilates-les-sables\\\/#primaryimage\",\"url\":\"https:\\\/\\\/lilotpilates.com\\\/wp-content\\\/uploads\\\/2025\\\/05\\\/full-shot-women-practicing-pilates-scaled.jpg\",\"contentUrl\":\"https:\\\/\\\/lilotpilates.com\\\/wp-content\\\/uploads\\\/2025\\\/05\\\/full-shot-women-practicing-pilates-scaled.jpg\",\"width\":2560,\"height\":1707,\"caption\":\"Pilates-tapis-collectif\"},{\"@type\":\"BreadcrumbList\",\"@id\":\"https:\\\/\\\/lilotpilates.com\\\/index.php\\\/planning-pilates-les-sables\\\/#breadcrumb\",\"itemListElement\":[{\"@type\":\"ListItem\",\"position\":1,\"name\":\"Accueil\",\"item\":\"https:\\\/\\\/lilotpilates.com\\\/\"},{\"@type\":\"ListItem\",\"position\":2,\"name\":\"Planning\"}]},{\"@type\":\"WebSite\",\"@id\":\"https:\\\/\\\/lilotpilates.com\\\/#website\",\"url\":\"https:\\\/\\\/lilotpilates.com\\\/\",\"name\":\"L\u2019\u00eelot Pilates\",\"description\":\"Respirer. Bouger. Se renforcer.\",\"potentialAction\":[{\"@type\":\"SearchAction\",\"target\":{\"@type\":\"EntryPoint\",\"urlTemplate\":\"https:\\\/\\\/lilotpilates.com\\\/?s={search_term_string}\"},\"query-input\":{\"@type\":\"PropertyValueSpecification\",\"valueRequired\":true,\"valueName\":\"search_term_string\"}}],\"inLanguage\":\"fr-FR\"}]}<\/script>\n<!-- \/ Yoast SEO plugin. -->","yoast_head_json":{"title":"Planning cours de Pilates - L\u2019\u00eelot Pilates - Les Sables d'Olonne","description":"Renforcez votre corps et am\u00e9liorez votre posture : choisissez votre cours sur le planning des cours de Pilates aux Sables d'Olonne.","robots":{"index":"index","follow":"follow","max-snippet":"max-snippet:-1","max-image-preview":"max-image-preview:large","max-video-preview":"max-video-preview:-1"},"canonical":"https:\/\/lilotpilates.com\/index.php\/planning-pilates-les-sables\/","og_locale":"fr_FR","og_type":"article","og_title":"Planning cours de Pilates - L\u2019\u00eelot Pilates - Les Sables d'Olonne","og_description":"Renforcez votre corps et am\u00e9liorez votre posture : choisissez votre cours sur le planning des cours de Pilates aux Sables d'Olonne.","og_url":"https:\/\/lilotpilates.com\/index.php\/planning-pilates-les-sables\/","og_site_name":"L\u2019\u00eelot Pilates","article_modified_time":"2025-06-12T11:53:19+00:00","og_image":[{"width":2560,"height":1707,"url":"https:\/\/lilotpilates.com\/wp-content\/uploads\/2025\/05\/full-shot-women-practicing-pilates-scaled.jpg","type":"image\/jpeg"}],"twitter_card":"summary_large_image","twitter_misc":{"Dur\u00e9e de lecture estim\u00e9e":"2 minutes"},"schema":{"@context":"https:\/\/schema.org","@graph":[{"@type":"WebPage","@id":"https:\/\/lilotpilates.com\/index.php\/planning-pilates-les-sables\/","url":"https:\/\/lilotpilates.com\/index.php\/planning-pilates-les-sables\/","name":"Planning cours de Pilates - L\u2019\u00eelot Pilates - Les Sables d'Olonne","isPartOf":{"@id":"https:\/\/lilotpilates.com\/#website"},"primaryImageOfPage":{"@id":"https:\/\/lilotpilates.com\/index.php\/planning-pilates-les-sables\/#primaryimage"},"image":{"@id":"https:\/\/lilotpilates.com\/index.php\/planning-pilates-les-sables\/#primaryimage"},"thumbnailUrl":"https:\/\/lilotpilates.com\/wp-content\/uploads\/2025\/05\/full-shot-women-practicing-pilates-1024x683.jpg","datePublished":"2025-05-14T19:38:24+00:00","dateModified":"2025-06-12T11:53:19+00:00","description":"Renforcez votre corps et am\u00e9liorez votre posture : choisissez votre cours sur le planning des cours de Pilates aux Sables d'Olonne.","breadcrumb":{"@id":"https:\/\/lilotpilates.com\/index.php\/planning-pilates-les-sables\/#breadcrumb"},"inLanguage":"fr-FR","potentialAction":[{"@type":"ReadAction","target":["https:\/\/lilotpilates.com\/index.php\/planning-pilates-les-sables\/"]}]},{"@type":"ImageObject","inLanguage":"fr-FR","@id":"https:\/\/lilotpilates.com\/index.php\/planning-pilates-les-sables\/#primaryimage","url":"https:\/\/lilotpilates.com\/wp-content\/uploads\/2025\/05\/full-shot-women-practicing-pilates-scaled.jpg","contentUrl":"https:\/\/lilotpilates.com\/wp-content\/uploads\/2025\/05\/full-shot-women-practicing-pilates-scaled.jpg","width":2560,"height":1707,"caption":"Pilates-tapis-collectif"},{"@type":"BreadcrumbList","@id":"https:\/\/lilotpilates.com\/index.php\/planning-pilates-les-sables\/#breadcrumb","itemListElement":[{"@type":"ListItem","position":1,"name":"Accueil","item":"https:\/\/lilotpilates.com\/"},{"@type":"ListItem","position":2,"name":"Planning"}]},{"@type":"WebSite","@id":"https:\/\/lilotpilates.com\/#website","url":"https:\/\/lilotpilates.com\/","name":"L\u2019\u00eelot Pilates","description":"Respirer. Bouger. Se renforcer.","potentialAction":[{"@type":"SearchAction","target":{"@type":"EntryPoint","urlTemplate":"https:\/\/lilotpilates.com\/?s={search_term_string}"},"query-input":{"@type":"PropertyValueSpecification","valueRequired":true,"valueName":"search_term_string"}}],"inLanguage":"fr-FR"}]}},"_links":{"self":[{"href":"https:\/\/lilotpilates.com\/index.php\/wp-json\/wp\/v2\/pages\/64","targetHints":{"allow":["GET"]}}],"collection":[{"href":"https:\/\/lilotpilates.com\/index.php\/wp-json\/wp\/v2\/pages"}],"about":[{"href":"https:\/\/lilotpilates.com\/index.php\/wp-json\/wp\/v2\/types\/page"}],"author":[{"embeddable":true,"href":"https:\/\/lilotpilates.com\/index.php\/wp-json\/wp\/v2\/users\/1"}],"replies":[{"embeddable":true,"href":"https:\/\/lilotpilates.com\/index.php\/wp-json\/wp\/v2\/comments?post=64"}],"version-history":[{"count":27,"href":"https:\/\/lilotpilates.com\/index.php\/wp-json\/wp\/v2\/pages\/64\/revisions"}],"predecessor-version":[{"id":514,"href":"https:\/\/lilotpilates.com\/index.php\/wp-json\/wp\/v2\/pages\/64\/revisions\/514"}],"wp:attachment":[{"href":"https:\/\/lilotpilates.com\/index.php\/wp-json\/wp\/v2\/media?parent=64"}],"curies":[{"name":"wp","href":"https:\/\/api.w.org\/{rel}","templated":true}]}}