{"id":59,"date":"2025-05-14T21:38:24","date_gmt":"2025-05-14T19:38:24","guid":{"rendered":"https:\/\/lilotpilates.com\/?page_id=59"},"modified":"2025-06-04T15:12:04","modified_gmt":"2025-06-04T13:12:04","slug":"la-methode-pilates","status":"publish","type":"page","link":"https:\/\/lilotpilates.com\/index.php\/la-methode-pilates\/","title":{"rendered":"La M\u00e9thode Pilates"},"content":{"rendered":"\n<figure class=\"wp-block-pullquote\"><blockquote><p><em>\u201cLa forme physique est la condition pr\u00e9alable au bonheur\u201d<\/em><\/p><cite>Joseph Pilates<\/cite><\/blockquote><\/figure>\n\n\n\n<h3 class=\"wp-block-heading\"><strong>L&rsquo;histoire du Pilates<\/strong><\/h3>\n\n\n\n<p>Joseph PILATES (1883 \u2013 1967), allemand, a d\u00e9velopp\u00e9 la m\u00e9thode Pilates, initialement appel\u00e9e Contrology, pendant la premi\u00e8re guerre mondiale, lorsqu\u2019il s\u2019est retrouv\u00e9 dans un camp d\u2019internement parmi des prisonniers souffrant de maladies ou de blessures. Pour aider ses \u00e9l\u00e8ves, il a commenc\u00e9 \u00e0 <strong>utiliser des ressorts de lits afin de d\u00e9velopper des appareils de r\u00e9\u00e9ducation et de remise en forme<\/strong>.&nbsp;<\/p>\n\n\n\n<p><strong>La m\u00e9thode d\u00e9velopp\u00e9e par Joseph Pilates, est d\u00e9sormais pratiqu\u00e9e sur <a href=\"https:\/\/lilotpilates.com\/index.php\/pilates-sur-tapis\/\">tapis <\/a>et sur <a href=\"https:\/\/lilotpilates.com\/index.php\/pilates-sur-appareil-reformer\/\">appareils <\/a>(reformer, cadillac, chair). Elle vise \u00e0 r\u00e9duire la souffrance humaine et retrouver le bien-\u00eatre du corps et de l\u2019esprit. <\/strong>Joseph Pilates \u00e9crit deux livres \u201c<em>Your Health<\/em>\u201d en 1934 et \u201c<em>Return to life through contrology<\/em>\u201d en 1945 pour faire conna\u00eetre celle-ci. &nbsp;Il forme de nombreux professeurs devenus alors les disciples de sa m\u00e9thode.&nbsp;&nbsp;<\/p>\n\n\n\n<p>Plus tard, aux Etats-Unis, Joseph Pilates travaille pour la r\u00e9\u00e9ducation et la remise en forme de nombreux danseurs professionnels. L\u2019objectif des appareils qu\u2019il a perfectionn\u00e9 au fur et \u00e0 mesure est de permettre aux pratiquants d\u2019\u00eatre mieux accompagn\u00e9s et guid\u00e9s dans leur pratique et d&rsquo;<strong>am\u00e9liorer le renforcement, l\u2019alignement et l\u2019\u00e9tirement de leur corps dans sa globalit\u00e9.&nbsp;<\/strong><\/p>\n\n\n\n<figure class=\"wp-block-gallery has-nested-images columns-default is-cropped wp-block-gallery-1 is-layout-flex wp-block-gallery-is-layout-flex\">\n<figure class=\"wp-block-image size-large\"><img loading=\"lazy\" decoding=\"async\" width=\"957\" height=\"526\" data-id=\"310\" src=\"https:\/\/lilotpilates.com\/wp-content\/uploads\/2025\/05\/Joseph-Pilates-MatClass.png\" alt=\"\" class=\"wp-image-310\" srcset=\"https:\/\/lilotpilates.com\/wp-content\/uploads\/2025\/05\/Joseph-Pilates-MatClass.png 957w, https:\/\/lilotpilates.com\/wp-content\/uploads\/2025\/05\/Joseph-Pilates-MatClass-300x165.png 300w, https:\/\/lilotpilates.com\/wp-content\/uploads\/2025\/05\/Joseph-Pilates-MatClass-768x422.png 768w, https:\/\/lilotpilates.com\/wp-content\/uploads\/2025\/05\/Joseph-Pilates-MatClass-109x60.png 109w\" sizes=\"auto, (max-width: 957px) 100vw, 957px\" \/><\/figure>\n\n\n\n<figure class=\"wp-block-image size-large\"><img loading=\"lazy\" decoding=\"async\" width=\"1024\" height=\"683\" data-id=\"309\" src=\"https:\/\/lilotpilates.com\/wp-content\/uploads\/2025\/05\/joseph-pilates-vie-reformer-1024x683.jpg\" alt=\"\" class=\"wp-image-309\" srcset=\"https:\/\/lilotpilates.com\/wp-content\/uploads\/2025\/05\/joseph-pilates-vie-reformer-1024x683.jpg 1024w, https:\/\/lilotpilates.com\/wp-content\/uploads\/2025\/05\/joseph-pilates-vie-reformer-300x200.jpg 300w, https:\/\/lilotpilates.com\/wp-content\/uploads\/2025\/05\/joseph-pilates-vie-reformer-768x512.jpg 768w, https:\/\/lilotpilates.com\/wp-content\/uploads\/2025\/05\/joseph-pilates-vie-reformer-1536x1024.jpg 1536w, https:\/\/lilotpilates.com\/wp-content\/uploads\/2025\/05\/joseph-pilates-vie-reformer-90x60.jpg 90w, https:\/\/lilotpilates.com\/wp-content\/uploads\/2025\/05\/joseph-pilates-vie-reformer.jpg 1642w\" sizes=\"auto, (max-width: 1024px) 100vw, 1024px\" \/><\/figure>\n<\/figure>\n\n\n\n<h3 class=\"wp-block-heading\"><strong><strong>Les bienfaits<\/strong><\/strong><\/h3>\n\n\n\n<p>La m\u00e9thode Pilates est d\u00e9sormais r\u00e9pandue et reconnue dans le monde entier. C\u2019est un syst\u00e8me complet de conditionnement physique et mental adapt\u00e9 \u00e0 tous, apportant de nombreux bienfaits :<\/p>\n\n\n\n<ul class=\"wp-block-list\">\n<li>am\u00e9lioration de la <strong>force<\/strong>, de la <strong>flexibilit\u00e9 articulaire<\/strong>, de la <strong>coordination<\/strong>, de la <strong>concentration mentale,<\/strong> de la <strong>conscience de soi<\/strong>, du <strong>sommeil<\/strong>, de la <strong>posture<\/strong><\/li>\n\n\n\n<li><strong>r\u00e9duction du stress<\/strong><\/li>\n\n\n\n<li><strong>pr\u00e9vention des blessures<\/strong><\/li>\n\n\n\n<li>am\u00e9lioration du <strong>bien-\u00eatre<\/strong> g\u00e9n\u00e9ral&nbsp;et de la <strong>sant\u00e9 <\/strong>du corps dans sa globalit\u00e9.<\/li>\n<\/ul>\n\n\n\n<h3 class=\"wp-block-heading\"><strong><strong>Les principes fondamentaux<\/strong><\/strong><\/h3>\n\n\n\n<p><strong>La m\u00e9thode Pilates <\/strong>repose sur 6 principes fondamentaux :<\/p>\n\n\n\n<ul class=\"wp-block-list\">\n<li>La concentration<\/li>\n\n\n\n<li>Le centre<\/li>\n\n\n\n<li>Le contr\u00f4le<\/li>\n\n\n\n<li>La respiration<\/li>\n\n\n\n<li>La pr\u00e9cision<\/li>\n\n\n\n<li>La fluidit\u00e9<\/li>\n<\/ul>\n\n\n\n<figure class=\"wp-block-pullquote\"><blockquote><p>\u00ab <em>Lorsque tous vos muscles seront correctement d\u00e9velopp\u00e9s, vous effectuerez, de toute \u00e9vidence, votre travail avec un minimum d&rsquo;effort et un maximum de plaisir <\/em>\u00bb<\/p><cite>Joseph Pilates<\/cite><\/blockquote><\/figure>\n\n\n<div class=\"wp-block-image\">\n<figure class=\"aligncenter size-full\"><img loading=\"lazy\" decoding=\"async\" width=\"412\" height=\"462\" src=\"https:\/\/lilotpilates.com\/wp-content\/uploads\/2025\/05\/joseph-hubertus-pilates.jpg\" alt=\"\" class=\"wp-image-308\" srcset=\"https:\/\/lilotpilates.com\/wp-content\/uploads\/2025\/05\/joseph-hubertus-pilates.jpg 412w, https:\/\/lilotpilates.com\/wp-content\/uploads\/2025\/05\/joseph-hubertus-pilates-268x300.jpg 268w, https:\/\/lilotpilates.com\/wp-content\/uploads\/2025\/05\/joseph-hubertus-pilates-54x60.jpg 54w\" sizes=\"auto, (max-width: 412px) 100vw, 412px\" \/><\/figure>\n<\/div>\n\n\n<p><\/p>\n\n\n\n<h2 class=\"wp-block-heading has-text-align-left\">Vous voulez pratiquer la m\u00e9thode Pilates ?<\/h2>\n\n\n\n<p class=\"has-text-align-left\"><a href=\"https:\/\/lilotpilates.com\/index.php\/qui-suis-je\/\">Fanny CHOUINARD<\/a>, votre professeur de Pilates, vous accompagnera de mani\u00e8re adapt\u00e9e lors des cours de Pilates sur tapis ou appareil, pour d\u00e9couvrir les bienfaits de la m\u00e9thode.<\/p>\n\n\n\n<p class=\"has-text-align-left\">Rendez-vous dans les nouveaux studios de Mouv\u2019aux 3 Caps, <a href=\"https:\/\/www.google.fr\/maps\/place\/Mouv'+aux+3+caps\/@46.4995397,-1.7577619,17z\/data=!3m1!4b1!4m6!3m5!1s0x4804694841cd9f8d:0x6f7ef81c150d7617!8m2!3d46.499536!4d-1.755187!16s%2Fg%2F11w7hbqv_0?entry=ttu&amp;g_ep=EgoyMDI1MDUyOC4wIKXMDSoASAFQAw%3D%3D\" target=\"_blank\" rel=\"noreferrer noopener\">40 Rue des Fr\u00e8res Michelin, 85180 Les Sables-d\u2019Olonne<\/a>.<\/p>\n","protected":false},"excerpt":{"rendered":"<p>\u201cLa forme physique est la condition pr\u00e9alable au bonheur\u201d Joseph Pilates L&rsquo;histoire du Pilates Joseph PILATES (1883 \u2013 1967), allemand, a d\u00e9velopp\u00e9 la m\u00e9thode Pilates, initialement appel\u00e9e Contrology, pendant la premi\u00e8re guerre mondiale, lorsqu\u2019il s\u2019est retrouv\u00e9 dans un camp d\u2019internement parmi des prisonniers souffrant de maladies ou de blessures. Pour aider ses \u00e9l\u00e8ves, il a &hellip; <\/p>\n","protected":false},"author":1,"featured_media":0,"parent":0,"menu_order":0,"comment_status":"closed","ping_status":"closed","template":"","meta":{"footnotes":""},"class_list":["post-59","page","type-page","status-publish","hentry"],"yoast_head":"<!-- This site is optimized with the Yoast SEO plugin v27.4 - https:\/\/yoast.com\/product\/yoast-seo-wordpress\/ -->\n<title>La M\u00e9thode Pilates - Histoire - L\u2019\u00eelot Pilates<\/title>\n<meta name=\"description\" content=\"D\u00e9couvrez l&#039;histoire et les bienfaits de la m\u00e9thode Pilates, d\u00e9velopp\u00e9e par Joseph Pilates, sur tapis et appareil.\" \/>\n<meta name=\"robots\" content=\"index, follow, max-snippet:-1, max-image-preview:large, max-video-preview:-1\" \/>\n<link rel=\"canonical\" href=\"https:\/\/lilotpilates.com\/index.php\/la-methode-pilates\/\" \/>\n<meta property=\"og:locale\" content=\"fr_FR\" \/>\n<meta property=\"og:type\" content=\"article\" \/>\n<meta property=\"og:title\" content=\"La M\u00e9thode Pilates - Histoire - L\u2019\u00eelot Pilates\" \/>\n<meta property=\"og:description\" content=\"D\u00e9couvrez l&#039;histoire et les bienfaits de la m\u00e9thode Pilates, d\u00e9velopp\u00e9e par Joseph Pilates, sur tapis et appareil.\" \/>\n<meta property=\"og:url\" content=\"https:\/\/lilotpilates.com\/index.php\/la-methode-pilates\/\" \/>\n<meta property=\"og:site_name\" content=\"L\u2019\u00eelot Pilates\" \/>\n<meta property=\"article:modified_time\" content=\"2025-06-04T13:12:04+00:00\" \/>\n<meta property=\"og:image\" content=\"https:\/\/lilotpilates.com\/wp-content\/uploads\/2025\/05\/Joseph-Pilates-MatClass.png\" \/>\n\t<meta property=\"og:image:width\" content=\"957\" \/>\n\t<meta property=\"og:image:height\" content=\"526\" \/>\n\t<meta property=\"og:image:type\" content=\"image\/png\" \/>\n<meta name=\"twitter:card\" content=\"summary_large_image\" \/>\n<meta name=\"twitter:label1\" content=\"Dur\u00e9e de lecture estim\u00e9e\" \/>\n\t<meta name=\"twitter:data1\" content=\"3 minutes\" \/>\n<script type=\"application\/ld+json\" class=\"yoast-schema-graph\">{\"@context\":\"https:\\\/\\\/schema.org\",\"@graph\":[{\"@type\":\"WebPage\",\"@id\":\"https:\\\/\\\/lilotpilates.com\\\/index.php\\\/la-methode-pilates\\\/\",\"url\":\"https:\\\/\\\/lilotpilates.com\\\/index.php\\\/la-methode-pilates\\\/\",\"name\":\"La M\u00e9thode Pilates - Histoire - L\u2019\u00eelot Pilates\",\"isPartOf\":{\"@id\":\"https:\\\/\\\/lilotpilates.com\\\/#website\"},\"primaryImageOfPage\":{\"@id\":\"https:\\\/\\\/lilotpilates.com\\\/index.php\\\/la-methode-pilates\\\/#primaryimage\"},\"image\":{\"@id\":\"https:\\\/\\\/lilotpilates.com\\\/index.php\\\/la-methode-pilates\\\/#primaryimage\"},\"thumbnailUrl\":\"https:\\\/\\\/lilotpilates.com\\\/wp-content\\\/uploads\\\/2025\\\/05\\\/Joseph-Pilates-MatClass.png\",\"datePublished\":\"2025-05-14T19:38:24+00:00\",\"dateModified\":\"2025-06-04T13:12:04+00:00\",\"description\":\"D\u00e9couvrez l'histoire et les bienfaits de la m\u00e9thode Pilates, d\u00e9velopp\u00e9e par Joseph Pilates, sur tapis et appareil.\",\"breadcrumb\":{\"@id\":\"https:\\\/\\\/lilotpilates.com\\\/index.php\\\/la-methode-pilates\\\/#breadcrumb\"},\"inLanguage\":\"fr-FR\",\"potentialAction\":[{\"@type\":\"ReadAction\",\"target\":[\"https:\\\/\\\/lilotpilates.com\\\/index.php\\\/la-methode-pilates\\\/\"]}]},{\"@type\":\"ImageObject\",\"inLanguage\":\"fr-FR\",\"@id\":\"https:\\\/\\\/lilotpilates.com\\\/index.php\\\/la-methode-pilates\\\/#primaryimage\",\"url\":\"https:\\\/\\\/lilotpilates.com\\\/wp-content\\\/uploads\\\/2025\\\/05\\\/Joseph-Pilates-MatClass.png\",\"contentUrl\":\"https:\\\/\\\/lilotpilates.com\\\/wp-content\\\/uploads\\\/2025\\\/05\\\/Joseph-Pilates-MatClass.png\",\"width\":957,\"height\":526},{\"@type\":\"BreadcrumbList\",\"@id\":\"https:\\\/\\\/lilotpilates.com\\\/index.php\\\/la-methode-pilates\\\/#breadcrumb\",\"itemListElement\":[{\"@type\":\"ListItem\",\"position\":1,\"name\":\"Accueil\",\"item\":\"https:\\\/\\\/lilotpilates.com\\\/\"},{\"@type\":\"ListItem\",\"position\":2,\"name\":\"La M\u00e9thode Pilates\"}]},{\"@type\":\"WebSite\",\"@id\":\"https:\\\/\\\/lilotpilates.com\\\/#website\",\"url\":\"https:\\\/\\\/lilotpilates.com\\\/\",\"name\":\"L\u2019\u00eelot Pilates\",\"description\":\"Respirer. Bouger. Se renforcer.\",\"potentialAction\":[{\"@type\":\"SearchAction\",\"target\":{\"@type\":\"EntryPoint\",\"urlTemplate\":\"https:\\\/\\\/lilotpilates.com\\\/?s={search_term_string}\"},\"query-input\":{\"@type\":\"PropertyValueSpecification\",\"valueRequired\":true,\"valueName\":\"search_term_string\"}}],\"inLanguage\":\"fr-FR\"}]}<\/script>\n<!-- \/ Yoast SEO plugin. -->","yoast_head_json":{"title":"La M\u00e9thode Pilates - Histoire - L\u2019\u00eelot Pilates","description":"D\u00e9couvrez l'histoire et les bienfaits de la m\u00e9thode Pilates, d\u00e9velopp\u00e9e par Joseph Pilates, sur tapis et appareil.","robots":{"index":"index","follow":"follow","max-snippet":"max-snippet:-1","max-image-preview":"max-image-preview:large","max-video-preview":"max-video-preview:-1"},"canonical":"https:\/\/lilotpilates.com\/index.php\/la-methode-pilates\/","og_locale":"fr_FR","og_type":"article","og_title":"La M\u00e9thode Pilates - Histoire - L\u2019\u00eelot Pilates","og_description":"D\u00e9couvrez l'histoire et les bienfaits de la m\u00e9thode Pilates, d\u00e9velopp\u00e9e par Joseph Pilates, sur tapis et appareil.","og_url":"https:\/\/lilotpilates.com\/index.php\/la-methode-pilates\/","og_site_name":"L\u2019\u00eelot Pilates","article_modified_time":"2025-06-04T13:12:04+00:00","og_image":[{"width":957,"height":526,"url":"https:\/\/lilotpilates.com\/wp-content\/uploads\/2025\/05\/Joseph-Pilates-MatClass.png","type":"image\/png"}],"twitter_card":"summary_large_image","twitter_misc":{"Dur\u00e9e de lecture estim\u00e9e":"3 minutes"},"schema":{"@context":"https:\/\/schema.org","@graph":[{"@type":"WebPage","@id":"https:\/\/lilotpilates.com\/index.php\/la-methode-pilates\/","url":"https:\/\/lilotpilates.com\/index.php\/la-methode-pilates\/","name":"La M\u00e9thode Pilates - Histoire - L\u2019\u00eelot Pilates","isPartOf":{"@id":"https:\/\/lilotpilates.com\/#website"},"primaryImageOfPage":{"@id":"https:\/\/lilotpilates.com\/index.php\/la-methode-pilates\/#primaryimage"},"image":{"@id":"https:\/\/lilotpilates.com\/index.php\/la-methode-pilates\/#primaryimage"},"thumbnailUrl":"https:\/\/lilotpilates.com\/wp-content\/uploads\/2025\/05\/Joseph-Pilates-MatClass.png","datePublished":"2025-05-14T19:38:24+00:00","dateModified":"2025-06-04T13:12:04+00:00","description":"D\u00e9couvrez l'histoire et les bienfaits de la m\u00e9thode Pilates, d\u00e9velopp\u00e9e par Joseph Pilates, sur tapis et appareil.","breadcrumb":{"@id":"https:\/\/lilotpilates.com\/index.php\/la-methode-pilates\/#breadcrumb"},"inLanguage":"fr-FR","potentialAction":[{"@type":"ReadAction","target":["https:\/\/lilotpilates.com\/index.php\/la-methode-pilates\/"]}]},{"@type":"ImageObject","inLanguage":"fr-FR","@id":"https:\/\/lilotpilates.com\/index.php\/la-methode-pilates\/#primaryimage","url":"https:\/\/lilotpilates.com\/wp-content\/uploads\/2025\/05\/Joseph-Pilates-MatClass.png","contentUrl":"https:\/\/lilotpilates.com\/wp-content\/uploads\/2025\/05\/Joseph-Pilates-MatClass.png","width":957,"height":526},{"@type":"BreadcrumbList","@id":"https:\/\/lilotpilates.com\/index.php\/la-methode-pilates\/#breadcrumb","itemListElement":[{"@type":"ListItem","position":1,"name":"Accueil","item":"https:\/\/lilotpilates.com\/"},{"@type":"ListItem","position":2,"name":"La M\u00e9thode Pilates"}]},{"@type":"WebSite","@id":"https:\/\/lilotpilates.com\/#website","url":"https:\/\/lilotpilates.com\/","name":"L\u2019\u00eelot Pilates","description":"Respirer. Bouger. Se renforcer.","potentialAction":[{"@type":"SearchAction","target":{"@type":"EntryPoint","urlTemplate":"https:\/\/lilotpilates.com\/?s={search_term_string}"},"query-input":{"@type":"PropertyValueSpecification","valueRequired":true,"valueName":"search_term_string"}}],"inLanguage":"fr-FR"}]}},"_links":{"self":[{"href":"https:\/\/lilotpilates.com\/index.php\/wp-json\/wp\/v2\/pages\/59","targetHints":{"allow":["GET"]}}],"collection":[{"href":"https:\/\/lilotpilates.com\/index.php\/wp-json\/wp\/v2\/pages"}],"about":[{"href":"https:\/\/lilotpilates.com\/index.php\/wp-json\/wp\/v2\/types\/page"}],"author":[{"embeddable":true,"href":"https:\/\/lilotpilates.com\/index.php\/wp-json\/wp\/v2\/users\/1"}],"replies":[{"embeddable":true,"href":"https:\/\/lilotpilates.com\/index.php\/wp-json\/wp\/v2\/comments?post=59"}],"version-history":[{"count":17,"href":"https:\/\/lilotpilates.com\/index.php\/wp-json\/wp\/v2\/pages\/59\/revisions"}],"predecessor-version":[{"id":452,"href":"https:\/\/lilotpilates.com\/index.php\/wp-json\/wp\/v2\/pages\/59\/revisions\/452"}],"wp:attachment":[{"href":"https:\/\/lilotpilates.com\/index.php\/wp-json\/wp\/v2\/media?parent=59"}],"curies":[{"name":"wp","href":"https:\/\/api.w.org\/{rel}","templated":true}]}}