{"id":3,"date":"2024-06-06T10:49:13","date_gmt":"2024-06-06T08:49:13","guid":{"rendered":"http:\/\/lilotpilates.com\/?page_id=3"},"modified":"2025-06-02T21:55:17","modified_gmt":"2025-06-02T19:55:17","slug":"politique-de-confidentialite","status":"publish","type":"page","link":"https:\/\/lilotpilates.com\/index.php\/politique-de-confidentialite\/","title":{"rendered":"Mentions l\u00e9gales et politique de confidentialit\u00e9"},"content":{"rendered":"\n<h2 class=\"wp-block-heading\"><em>Derni\u00e8re mise \u00e0 jour le 12\/04\/2025<\/em><\/h2>\n\n\n\n<h1 class=\"wp-block-heading\">Mentions l\u00e9gales <\/h1>\n\n\n\n<p>L\u2019adresse de ce site Web est&nbsp;: <a href=\"https:\/\/lilotpilates.com\/\">https:\/\/lilotpilates.com\/<\/a><\/p>\n\n\n\n<h3 class=\"wp-block-heading\"><strong>H\u00e9bergeur<\/strong><\/h3>\n\n\n\n<p>L\u2019h\u00e9bergement du site est assur\u00e9 par OVH SAS dont le si\u00e8ge social est au 2 rue Kellermann, 59100 Roubaix, France et dont le num\u00e9ro de t\u00e9l\u00e9phone est le 08 20 69 87 65.<\/p>\n\n\n\n<h3 class=\"wp-block-heading\"><strong>Responsable du traitement et de l&rsquo;\u00e9dition<\/strong><\/h3>\n\n\n\n<p>L&rsquo;\u00eelot Pilates, entreprise individuelle. <\/p>\n\n\n\n<p>Num\u00e9ro de SIRET : 93151437600017<br>Publications : Fanny CHOUINARD<\/p>\n\n\n\n<p>Cr\u00e9dit Photos : Freepik<\/p>\n\n\n\n<h3 class=\"wp-block-heading\"><strong>Confidentialit\u00e9 &#8211; Vie priv\u00e9e<\/strong><\/h3>\n\n\n\n<p>L&rsquo;\u00eelot Pilates s\u2019engage \u00e0 respecter la vie priv\u00e9e de ses Clients. <\/p>\n\n\n\n<h1 class=\"wp-block-heading\">Politique de confidentialit\u00e9<\/h1>\n\n\n\n<p>La politique de confidentialit\u00e9 est la page qui expose&nbsp;<strong>mes engagements en mati\u00e8re de&nbsp;traitement des donn\u00e9es personnelles sur le site<\/strong> <a href=\"https:\/\/lilotpilates.com\">https:\/\/lilotpilates.com<\/a>. Cette politique explique en d\u00e9tail le mode de collecte, le traitement, le proc\u00e9d\u00e9 de publication et de suppression des donn\u00e9es personnelles, ainsi que la finalit\u00e9 de ces proc\u00e9d\u00e9s.<\/p>\n\n\n\n<h2 class=\"wp-block-heading\">Cookies<\/h2>\n\n\n\n<p>Ce site utilise des cookies (non d\u00e9sactivables) strictement n\u00e9cessaires \u00e0 son fonctionnement. Ceux-ci sont g\u00e9n\u00e9r\u00e9s al\u00e9atoirement et ne contiennent aucune donn\u00e9e personnelle &gt; 2 x WPCER_xxxx<\/p>\n\n\n\n<h2 class=\"wp-block-heading\">Contenu embarqu\u00e9 depuis d\u2019autres sites<\/h2>\n\n\n\n<p>Les articles de ce site peuvent inclure des contenus int\u00e9gr\u00e9s (par exemple des vid\u00e9os, images, articles\u2026). Le contenu int\u00e9gr\u00e9 depuis d\u2019autres sites se comporte de la m\u00eame mani\u00e8re que si le visiteur se rendait sur cet autre site.<\/p>\n\n\n\n<p>Ces sites web pourraient collecter des donn\u00e9es sur vous, utiliser des cookies, embarquer des outils de suivis tiers, suivre vos interactions avec ces contenus embarqu\u00e9s si vous disposez d\u2019un compte connect\u00e9 sur leur site web.<\/p>\n\n\n\n<h2 class=\"wp-block-heading\">Quelles donn\u00e9es personnelles sont collect\u00e9es ?<\/h2>\n\n\n\n<p>De mani\u00e8re g\u00e9n\u00e9rale, vous n\u2019\u00eates pas tenu de communiquer de donn\u00e9es personnelles lorsque vous visitez ce site. Cependant, si vous souhaitez nous contacter via le <strong>formulaire de contact<\/strong>, vous devrez communiquer un nom, pr\u00e9nom, num\u00e9ro de t\u00e9l\u00e9phone et adresse \u00e9lectronique. Sans cela, ces services ne vous seront pas accessibles.<\/p>\n\n\n\n<h2 class=\"wp-block-heading\">Quelle est l\u2019utilisation des donn\u00e9es personnelles collect\u00e9es ?<\/h2>\n\n\n\n<div class=\"wp-block-group is-vertical is-layout-flex wp-container-core-group-is-layout-8cf370e7 wp-block-group-is-layout-flex\">\n<p><strong>Formulaire de contact<\/strong> : Vous r\u00e9pondre;<\/p>\n\n\n\n<p><\/p>\n\n\n\n<h2 class=\"wp-block-heading\">Dur\u00e9es de stockage de vos donn\u00e9es<\/h2>\n<\/div>\n\n\n\n<p>Les donn\u00e9es sont stock\u00e9es 3 ans maximum.<\/p>\n\n\n\n<h2 class=\"wp-block-heading\">Maintien &amp; s\u00e9curit\u00e9<\/h2>\n\n\n\n<p>Les informations contenues sur ce site sont aussi pr\u00e9cises que possible et le site est p\u00e9riodiquement remis \u00e0 jour. Malgr\u00e9 notre attention, il peut toutefois contenir des inexactitudes, des omissions. Aussi, si vous constatez ce type d\u2019anomalie ou si vous souhaitez signaler un <strong>probl\u00e8me de s\u00e9curit\u00e9<\/strong>, merci de bien vouloir me <a href=\"https:\/\/lilotpilates.com\/index.php\/formulaire-de-contact\/\" data-type=\"link\" data-id=\"https:\/\/lilotpilates.com\/index.php\/formulaire-de-contact\/\">contacter<\/a> en d\u00e9crivant le probl\u00e8me de la mani\u00e8re la plus pr\u00e9cise possible.<\/p>\n\n\n\n<h2 class=\"wp-block-heading\">Contact \u2013 Droit d\u2019acc\u00e8s<\/h2>\n\n\n\n<p>En application de la loi, vous disposez <a href=\"https:\/\/www.cnil.fr\/fr\/les-droits-pour-maitriser-vos-donnees-personnelles\" target=\"_blank\" rel=\"noreferrer noopener\">d\u2019un droit d\u2019acc\u00e8s<\/a>, de rectification, de modification et de suppression concernant vos donn\u00e9es personnelles. Pour l\u2019exercer ou pour toute question au sujet de la protection des donn\u00e9es personnelles <a href=\"https:\/\/lilotpilates.com\/index.php\/contact-reservation\/\" data-type=\"page\" data-id=\"31\">contactez-moi<\/a>. En cas de litige, vous pouvez porter une r\u00e9clamation aupr\u00e8s de la CNIL.<\/p>\n\n\n\n<p><\/p>\n","protected":false},"excerpt":{"rendered":"<p>Derni\u00e8re mise \u00e0 jour le 12\/04\/2025 Mentions l\u00e9gales L\u2019adresse de ce site Web est&nbsp;: https:\/\/lilotpilates.com\/ H\u00e9bergeur L\u2019h\u00e9bergement du site est assur\u00e9 par OVH SAS dont le si\u00e8ge social est au 2 rue Kellermann, 59100 Roubaix, France et dont le num\u00e9ro de t\u00e9l\u00e9phone est le 08 20 69 87 65. Responsable du traitement et de l&rsquo;\u00e9dition &hellip; <\/p>\n","protected":false},"author":1,"featured_media":0,"parent":0,"menu_order":0,"comment_status":"closed","ping_status":"open","template":"","meta":{"footnotes":""},"class_list":["post-3","page","type-page","status-publish","hentry"],"yoast_head":"<!-- This site is optimized with the Yoast SEO plugin v27.4 - https:\/\/yoast.com\/product\/yoast-seo-wordpress\/ -->\n<title>Mentions l\u00e9gales et politique de confidentialit\u00e9 - L\u2019\u00eelot Pilates<\/title>\n<meta name=\"robots\" content=\"index, follow, max-snippet:-1, max-image-preview:large, max-video-preview:-1\" \/>\n<link rel=\"canonical\" href=\"https:\/\/lilotpilates.com\/index.php\/politique-de-confidentialite\/\" \/>\n<meta property=\"og:locale\" content=\"fr_FR\" \/>\n<meta property=\"og:type\" content=\"article\" \/>\n<meta property=\"og:title\" content=\"Mentions l\u00e9gales et politique de confidentialit\u00e9 - L\u2019\u00eelot Pilates\" \/>\n<meta property=\"og:description\" content=\"Derni\u00e8re mise \u00e0 jour le 12\/04\/2025 Mentions l\u00e9gales L\u2019adresse de ce site Web est&nbsp;: https:\/\/lilotpilates.com\/ H\u00e9bergeur L\u2019h\u00e9bergement du site est assur\u00e9 par OVH SAS dont le si\u00e8ge social est au 2 rue Kellermann, 59100 Roubaix, France et dont le num\u00e9ro de t\u00e9l\u00e9phone est le 08 20 69 87 65. Responsable du traitement et de l&rsquo;\u00e9dition &hellip;\" \/>\n<meta property=\"og:url\" content=\"https:\/\/lilotpilates.com\/index.php\/politique-de-confidentialite\/\" \/>\n<meta property=\"og:site_name\" content=\"L\u2019\u00eelot Pilates\" \/>\n<meta property=\"article:modified_time\" content=\"2025-06-02T19:55:17+00:00\" \/>\n<meta name=\"twitter:card\" content=\"summary_large_image\" \/>\n<meta name=\"twitter:label1\" content=\"Dur\u00e9e de lecture estim\u00e9e\" \/>\n\t<meta name=\"twitter:data1\" content=\"3 minutes\" \/>\n<script type=\"application\/ld+json\" class=\"yoast-schema-graph\">{\"@context\":\"https:\\\/\\\/schema.org\",\"@graph\":[{\"@type\":\"WebPage\",\"@id\":\"https:\\\/\\\/lilotpilates.com\\\/index.php\\\/politique-de-confidentialite\\\/\",\"url\":\"https:\\\/\\\/lilotpilates.com\\\/index.php\\\/politique-de-confidentialite\\\/\",\"name\":\"Mentions l\u00e9gales et politique de confidentialit\u00e9 - L\u2019\u00eelot Pilates\",\"isPartOf\":{\"@id\":\"https:\\\/\\\/lilotpilates.com\\\/#website\"},\"datePublished\":\"2024-06-06T08:49:13+00:00\",\"dateModified\":\"2025-06-02T19:55:17+00:00\",\"breadcrumb\":{\"@id\":\"https:\\\/\\\/lilotpilates.com\\\/index.php\\\/politique-de-confidentialite\\\/#breadcrumb\"},\"inLanguage\":\"fr-FR\",\"potentialAction\":[{\"@type\":\"ReadAction\",\"target\":[\"https:\\\/\\\/lilotpilates.com\\\/index.php\\\/politique-de-confidentialite\\\/\"]}]},{\"@type\":\"BreadcrumbList\",\"@id\":\"https:\\\/\\\/lilotpilates.com\\\/index.php\\\/politique-de-confidentialite\\\/#breadcrumb\",\"itemListElement\":[{\"@type\":\"ListItem\",\"position\":1,\"name\":\"Accueil\",\"item\":\"https:\\\/\\\/lilotpilates.com\\\/\"},{\"@type\":\"ListItem\",\"position\":2,\"name\":\"Mentions l\u00e9gales et politique de confidentialit\u00e9\"}]},{\"@type\":\"WebSite\",\"@id\":\"https:\\\/\\\/lilotpilates.com\\\/#website\",\"url\":\"https:\\\/\\\/lilotpilates.com\\\/\",\"name\":\"L\u2019\u00eelot Pilates\",\"description\":\"Respirer. Bouger. Se renforcer.\",\"potentialAction\":[{\"@type\":\"SearchAction\",\"target\":{\"@type\":\"EntryPoint\",\"urlTemplate\":\"https:\\\/\\\/lilotpilates.com\\\/?s={search_term_string}\"},\"query-input\":{\"@type\":\"PropertyValueSpecification\",\"valueRequired\":true,\"valueName\":\"search_term_string\"}}],\"inLanguage\":\"fr-FR\"}]}<\/script>\n<!-- \/ Yoast SEO plugin. -->","yoast_head_json":{"title":"Mentions l\u00e9gales et politique de confidentialit\u00e9 - L\u2019\u00eelot Pilates","robots":{"index":"index","follow":"follow","max-snippet":"max-snippet:-1","max-image-preview":"max-image-preview:large","max-video-preview":"max-video-preview:-1"},"canonical":"https:\/\/lilotpilates.com\/index.php\/politique-de-confidentialite\/","og_locale":"fr_FR","og_type":"article","og_title":"Mentions l\u00e9gales et politique de confidentialit\u00e9 - L\u2019\u00eelot Pilates","og_description":"Derni\u00e8re mise \u00e0 jour le 12\/04\/2025 Mentions l\u00e9gales L\u2019adresse de ce site Web est&nbsp;: https:\/\/lilotpilates.com\/ H\u00e9bergeur L\u2019h\u00e9bergement du site est assur\u00e9 par OVH SAS dont le si\u00e8ge social est au 2 rue Kellermann, 59100 Roubaix, France et dont le num\u00e9ro de t\u00e9l\u00e9phone est le 08 20 69 87 65. Responsable du traitement et de l&rsquo;\u00e9dition &hellip;","og_url":"https:\/\/lilotpilates.com\/index.php\/politique-de-confidentialite\/","og_site_name":"L\u2019\u00eelot Pilates","article_modified_time":"2025-06-02T19:55:17+00:00","twitter_card":"summary_large_image","twitter_misc":{"Dur\u00e9e de lecture estim\u00e9e":"3 minutes"},"schema":{"@context":"https:\/\/schema.org","@graph":[{"@type":"WebPage","@id":"https:\/\/lilotpilates.com\/index.php\/politique-de-confidentialite\/","url":"https:\/\/lilotpilates.com\/index.php\/politique-de-confidentialite\/","name":"Mentions l\u00e9gales et politique de confidentialit\u00e9 - L\u2019\u00eelot Pilates","isPartOf":{"@id":"https:\/\/lilotpilates.com\/#website"},"datePublished":"2024-06-06T08:49:13+00:00","dateModified":"2025-06-02T19:55:17+00:00","breadcrumb":{"@id":"https:\/\/lilotpilates.com\/index.php\/politique-de-confidentialite\/#breadcrumb"},"inLanguage":"fr-FR","potentialAction":[{"@type":"ReadAction","target":["https:\/\/lilotpilates.com\/index.php\/politique-de-confidentialite\/"]}]},{"@type":"BreadcrumbList","@id":"https:\/\/lilotpilates.com\/index.php\/politique-de-confidentialite\/#breadcrumb","itemListElement":[{"@type":"ListItem","position":1,"name":"Accueil","item":"https:\/\/lilotpilates.com\/"},{"@type":"ListItem","position":2,"name":"Mentions l\u00e9gales et politique de confidentialit\u00e9"}]},{"@type":"WebSite","@id":"https:\/\/lilotpilates.com\/#website","url":"https:\/\/lilotpilates.com\/","name":"L\u2019\u00eelot Pilates","description":"Respirer. Bouger. Se renforcer.","potentialAction":[{"@type":"SearchAction","target":{"@type":"EntryPoint","urlTemplate":"https:\/\/lilotpilates.com\/?s={search_term_string}"},"query-input":{"@type":"PropertyValueSpecification","valueRequired":true,"valueName":"search_term_string"}}],"inLanguage":"fr-FR"}]}},"_links":{"self":[{"href":"https:\/\/lilotpilates.com\/index.php\/wp-json\/wp\/v2\/pages\/3","targetHints":{"allow":["GET"]}}],"collection":[{"href":"https:\/\/lilotpilates.com\/index.php\/wp-json\/wp\/v2\/pages"}],"about":[{"href":"https:\/\/lilotpilates.com\/index.php\/wp-json\/wp\/v2\/types\/page"}],"author":[{"embeddable":true,"href":"https:\/\/lilotpilates.com\/index.php\/wp-json\/wp\/v2\/users\/1"}],"replies":[{"embeddable":true,"href":"https:\/\/lilotpilates.com\/index.php\/wp-json\/wp\/v2\/comments?post=3"}],"version-history":[{"count":5,"href":"https:\/\/lilotpilates.com\/index.php\/wp-json\/wp\/v2\/pages\/3\/revisions"}],"predecessor-version":[{"id":378,"href":"https:\/\/lilotpilates.com\/index.php\/wp-json\/wp\/v2\/pages\/3\/revisions\/378"}],"wp:attachment":[{"href":"https:\/\/lilotpilates.com\/index.php\/wp-json\/wp\/v2\/media?parent=3"}],"curies":[{"name":"wp","href":"https:\/\/api.w.org\/{rel}","templated":true}]}}