{"id":120,"date":"2025-05-14T22:01:44","date_gmt":"2025-05-14T20:01:44","guid":{"rendered":"https:\/\/lilotpilates.com\/?page_id=120"},"modified":"2026-03-24T23:27:33","modified_gmt":"2026-03-24T22:27:33","slug":"accueil","status":"publish","type":"page","link":"https:\/\/lilotpilates.com\/","title":{"rendered":"Accueil"},"content":{"rendered":"\n<div class=\"wp-block-cover is-light\" style=\"min-height:547px;aspect-ratio:unset;\"><img loading=\"lazy\" decoding=\"async\" width=\"1024\" height=\"683\" class=\"wp-block-cover__image-background wp-image-290 size-large\" alt=\"Bienvenue sur l'\u00eelot Pilates, cours de Pilates en petits groupes aux Sables d'Olonne  sur tapis\" src=\"https:\/\/lilotpilates.com\/wp-content\/uploads\/2025\/05\/full-shot-women-practicing-pilates-1024x683.jpg\" data-object-fit=\"cover\" srcset=\"https:\/\/lilotpilates.com\/wp-content\/uploads\/2025\/05\/full-shot-women-practicing-pilates-1024x683.jpg 1024w, https:\/\/lilotpilates.com\/wp-content\/uploads\/2025\/05\/full-shot-women-practicing-pilates-300x200.jpg 300w, https:\/\/lilotpilates.com\/wp-content\/uploads\/2025\/05\/full-shot-women-practicing-pilates-768x512.jpg 768w, https:\/\/lilotpilates.com\/wp-content\/uploads\/2025\/05\/full-shot-women-practicing-pilates-1536x1024.jpg 1536w, https:\/\/lilotpilates.com\/wp-content\/uploads\/2025\/05\/full-shot-women-practicing-pilates-2048x1365.jpg 2048w, https:\/\/lilotpilates.com\/wp-content\/uploads\/2025\/05\/full-shot-women-practicing-pilates-90x60.jpg 90w\" sizes=\"auto, (max-width: 1024px) 100vw, 1024px\" \/><span aria-hidden=\"true\" class=\"wp-block-cover__background has-background-dim\" style=\"background-color:#d4cdcd\"><\/span><div class=\"wp-block-cover__inner-container is-layout-flow wp-block-cover-is-layout-flow\">\n<h2 class=\"wp-block-heading alignwide has-text-align-center\" id=\"we-re-a-studio-in-berlin-with-an-international-practice-in-architecture-urban-planning-and-interior-design-we-believe-in-sharing-knowledge-and-promoting-dialogue-to-increase-the-creative-potential-of-collaboration\" style=\"font-size:48px;line-height:1.1\">Cours de Pilates en petits groupes aux Sables d&rsquo;Olonne<\/h2>\n<\/div><\/div>\n\n\n\n<h2 class=\"wp-block-heading\"><\/h2>\n\n\n\n<figure class=\"wp-block-pullquote\"><blockquote><p>Vous souhaitez <strong>renforcer votre corps, am\u00e9liorer votre souplesse et votre posture, prendre soin de votre dos, diminuer votre stress<\/strong>, ou bien tout simplement vous souhaitez retrouver un <strong>bien-\u00eatre<\/strong> g\u00e9n\u00e9ral en pratiquant la m\u00e9thode Pilates en petits groupes aux Sables d&rsquo;Olonne ?<\/p><\/blockquote><\/figure>\n\n\n\n<p class=\"has-text-align-center\"><strong>Rejoignez l&rsquo;un des cours de Pilates de votre choix, sur <a href=\"https:\/\/lilotpilates.com\/index.php\/pilates-sur-tapis\/\">tapis <\/a>ou <a href=\"https:\/\/lilotpilates.com\/index.php\/pilates-sur-appareil-reformer\/\">appareil<\/a>, aux Sables d&rsquo;Olonne.<\/strong><\/p>\n\n\n\n<p class=\"has-text-align-center\">Vous d\u00e9couvrirez la <a href=\"https:\/\/lilotpilates.com\/index.php\/la-methode\/\">m\u00e9thode Pilates<\/a> classique qui englobe un r\u00e9pertoire de plus de 500 exercices, adapt\u00e9s en fonction de chaque pratiquant et permettant d&rsquo;\u00e9voluer progressivement.<\/p>\n\n\n\n<p class=\"has-text-align-center\">Rendez-vous dans les nouveaux studios de Mouv&rsquo;aux 3 Caps, <a href=\"https:\/\/www.google.fr\/maps\/place\/Mouv'+aux+3+caps\/@46.4995397,-1.7577619,17z\/data=!3m1!4b1!4m6!3m5!1s0x4804694841cd9f8d:0x6f7ef81c150d7617!8m2!3d46.499536!4d-1.755187!16s%2Fg%2F11w7hbqv_0?entry=ttu&amp;g_ep=EgoyMDI1MDUyOC4wIKXMDSoASAFQAw%3D%3D\" target=\"_blank\" rel=\"noreferrer noopener\">40 Rue des Fr\u00e8res Michelin, 85180 Les Sables-d\u2019Olonne<\/a>.<\/p>\n\n\n<div class=\"wp-block-image\">\n<figure class=\"aligncenter size-large is-resized\"><img loading=\"lazy\" decoding=\"async\" width=\"1024\" height=\"1024\" src=\"https:\/\/lilotpilates.com\/wp-content\/uploads\/2025\/05\/logo-l-ilot-pilates-blanc-1-1024x1024.png\" alt=\"L'\u00eelot Pilates : Cours de Pilates en petits groupes aux Sables d'Olonne\" class=\"wp-image-272\" style=\"width:386px;height:auto\" srcset=\"https:\/\/lilotpilates.com\/wp-content\/uploads\/2025\/05\/logo-l-ilot-pilates-blanc-1-1024x1024.png 1024w, https:\/\/lilotpilates.com\/wp-content\/uploads\/2025\/05\/logo-l-ilot-pilates-blanc-1-300x300.png 300w\" sizes=\"auto, (max-width: 1024px) 100vw, 1024px\" \/><\/figure>\n<\/div>\n\n\n<p><\/p>\n\n\n\n<h3 class=\"wp-block-heading\">Pourquoi pratiquer le Pilates en petits groupes aux Sables d&rsquo;Olonne ?<\/h3>\n\n\n\n<p class=\"has-text-align-left\">Les bienfaits de la m\u00e9thode sont nombreux :<\/p>\n\n\n\n<ul class=\"wp-block-list\">\n<li>vous <strong>renforcez votre corps<\/strong><\/li>\n\n\n\n<li>vous am\u00e9liorez votre <strong>souplesse <\/strong>et votre <strong>coordination <\/strong><\/li>\n\n\n\n<li>vous am\u00e9liorez votre <strong>concentration mentale<\/strong> et votre <strong>conscience<\/strong> corporelle<\/li>\n\n\n\n<li>vous pourrez observer un <strong>meilleur sommeil<\/strong> notamment gr\u00e2ce \u00e0 une <strong>diminution du stress<\/strong><\/li>\n\n\n\n<li>vous am\u00e9liorez votre <strong>posture<\/strong><\/li>\n\n\n\n<li><strong>vous r\u00e9duisez votre risque de blessures lors de la pratique d&rsquo;autres activit\u00e9s physiques en parall\u00e8le du Pilates<\/strong><\/li>\n\n\n\n<li>vous pourrez ressentir un v\u00e9ritable <strong>bien-\u00eatre<\/strong> g\u00e9n\u00e9ral\u00a0<\/li>\n\n\n\n<li>vous am\u00e9liorez la <strong>sant\u00e9 <\/strong>de votre corps dans sa globalit\u00e9<\/li>\n<\/ul>\n\n\n\n<p class=\"has-text-align-left\">Respirer, bouger, vous renforcer : venez pratiquer avec L&rsquo;\u00celot Pilates !<\/p>\n\n\n\n<h3 class=\"wp-block-heading has-text-align-left\"><strong>Suivez toute l\u2019actualit\u00e9 des cours de Pilates et \u00e9v\u00e8nements sur les r\u00e9seaux sociaux :<\/strong><\/h3>\n\n\n\n<p class=\"has-text-align-center\"><a href=\"https:\/\/www.facebook.com\/profile.php?id=61560023410142\">Facebook<\/a><\/p>\n\n\n\n<p class=\"has-text-align-center\"><a href=\"https:\/\/www.instagram.com\/lilotpilates.fanny.chouinard\/\">Instagram<\/a><\/p>\n","protected":false},"excerpt":{"rendered":"<p>Vous souhaitez renforcer votre corps, am\u00e9liorer votre souplesse et votre posture, prendre soin de votre dos, diminuer votre stress, ou bien tout simplement vous souhaitez retrouver un bien-\u00eatre g\u00e9n\u00e9ral en pratiquant la m\u00e9thode Pilates en petits groupes aux Sables d&rsquo;Olonne ? Rejoignez l&rsquo;un des cours de Pilates de votre choix, sur tapis ou appareil, aux &hellip; <\/p>\n","protected":false},"author":1,"featured_media":0,"parent":0,"menu_order":0,"comment_status":"closed","ping_status":"closed","template":"","meta":{"footnotes":""},"class_list":["post-120","page","type-page","status-publish","hentry"],"yoast_head":"<!-- This site is optimized with the Yoast SEO plugin v27.4 - https:\/\/yoast.com\/product\/yoast-seo-wordpress\/ -->\n<title>L\u2019\u00eelot Pilates Cours de Pilates en petits groupes aux Sables d&#039;Olonne<\/title>\n<meta name=\"description\" content=\"Rejoignez un cours de Pilates en petits groupes aux Sables d&#039;Olonne : renforcez votre corps, am\u00e9liorez votre souplesse et votre posture.\" \/>\n<meta name=\"robots\" content=\"index, follow, max-snippet:-1, max-image-preview:large, max-video-preview:-1\" \/>\n<link rel=\"canonical\" href=\"https:\/\/lilotpilates.com\/\" \/>\n<meta property=\"og:locale\" content=\"fr_FR\" \/>\n<meta property=\"og:type\" content=\"article\" \/>\n<meta property=\"og:title\" content=\"L\u2019\u00eelot Pilates Cours de Pilates en petits groupes aux Sables d&#039;Olonne\" \/>\n<meta property=\"og:description\" content=\"Rejoignez un cours de Pilates en petits groupes aux Sables d&#039;Olonne : renforcez votre corps, am\u00e9liorez votre souplesse et votre posture.\" \/>\n<meta property=\"og:url\" content=\"https:\/\/lilotpilates.com\/\" \/>\n<meta property=\"og:site_name\" content=\"L\u2019\u00eelot Pilates\" \/>\n<meta property=\"article:modified_time\" content=\"2026-03-24T22:27:33+00:00\" \/>\n<meta property=\"og:image\" content=\"https:\/\/lilotpilates.com\/wp-content\/uploads\/2025\/05\/full-shot-women-practicing-pilates-scaled.jpg\" \/>\n\t<meta property=\"og:image:width\" content=\"2560\" \/>\n\t<meta property=\"og:image:height\" content=\"1707\" \/>\n\t<meta property=\"og:image:type\" content=\"image\/jpeg\" \/>\n<meta name=\"twitter:card\" content=\"summary_large_image\" \/>\n<meta name=\"twitter:label1\" content=\"Dur\u00e9e de lecture estim\u00e9e\" \/>\n\t<meta name=\"twitter:data1\" content=\"2 minutes\" \/>\n<script type=\"application\/ld+json\" class=\"yoast-schema-graph\">{\"@context\":\"https:\\\/\\\/schema.org\",\"@graph\":[{\"@type\":\"WebPage\",\"@id\":\"https:\\\/\\\/lilotpilates.com\\\/\",\"url\":\"https:\\\/\\\/lilotpilates.com\\\/\",\"name\":\"L\u2019\u00eelot Pilates Cours de Pilates en petits groupes aux Sables d'Olonne\",\"isPartOf\":{\"@id\":\"https:\\\/\\\/lilotpilates.com\\\/#website\"},\"primaryImageOfPage\":{\"@id\":\"https:\\\/\\\/lilotpilates.com\\\/#primaryimage\"},\"image\":{\"@id\":\"https:\\\/\\\/lilotpilates.com\\\/#primaryimage\"},\"thumbnailUrl\":\"https:\\\/\\\/lilotpilates.com\\\/wp-content\\\/uploads\\\/2025\\\/05\\\/full-shot-women-practicing-pilates-1024x683.jpg\",\"datePublished\":\"2025-05-14T20:01:44+00:00\",\"dateModified\":\"2026-03-24T22:27:33+00:00\",\"description\":\"Rejoignez un cours de Pilates en petits groupes aux Sables d'Olonne : renforcez votre corps, am\u00e9liorez votre souplesse et votre posture.\",\"breadcrumb\":{\"@id\":\"https:\\\/\\\/lilotpilates.com\\\/#breadcrumb\"},\"inLanguage\":\"fr-FR\",\"potentialAction\":[{\"@type\":\"ReadAction\",\"target\":[\"https:\\\/\\\/lilotpilates.com\\\/\"]}]},{\"@type\":\"ImageObject\",\"inLanguage\":\"fr-FR\",\"@id\":\"https:\\\/\\\/lilotpilates.com\\\/#primaryimage\",\"url\":\"https:\\\/\\\/lilotpilates.com\\\/wp-content\\\/uploads\\\/2025\\\/05\\\/full-shot-women-practicing-pilates-scaled.jpg\",\"contentUrl\":\"https:\\\/\\\/lilotpilates.com\\\/wp-content\\\/uploads\\\/2025\\\/05\\\/full-shot-women-practicing-pilates-scaled.jpg\",\"width\":2560,\"height\":1707,\"caption\":\"Pilates-tapis-collectif\"},{\"@type\":\"BreadcrumbList\",\"@id\":\"https:\\\/\\\/lilotpilates.com\\\/#breadcrumb\",\"itemListElement\":[{\"@type\":\"ListItem\",\"position\":1,\"name\":\"Accueil\",\"item\":\"https:\\\/\\\/lilotpilates.com\\\/\"},{\"@type\":\"ListItem\",\"position\":2,\"name\":\"Accueil\"}]},{\"@type\":\"WebSite\",\"@id\":\"https:\\\/\\\/lilotpilates.com\\\/#website\",\"url\":\"https:\\\/\\\/lilotpilates.com\\\/\",\"name\":\"L\u2019\u00eelot Pilates\",\"description\":\"Respirer. Bouger. Se renforcer.\",\"potentialAction\":[{\"@type\":\"SearchAction\",\"target\":{\"@type\":\"EntryPoint\",\"urlTemplate\":\"https:\\\/\\\/lilotpilates.com\\\/?s={search_term_string}\"},\"query-input\":{\"@type\":\"PropertyValueSpecification\",\"valueRequired\":true,\"valueName\":\"search_term_string\"}}],\"inLanguage\":\"fr-FR\"}]}<\/script>\n<!-- \/ Yoast SEO plugin. -->","yoast_head_json":{"title":"L\u2019\u00eelot Pilates Cours de Pilates en petits groupes aux Sables d'Olonne","description":"Rejoignez un cours de Pilates en petits groupes aux Sables d'Olonne : renforcez votre corps, am\u00e9liorez votre souplesse et votre posture.","robots":{"index":"index","follow":"follow","max-snippet":"max-snippet:-1","max-image-preview":"max-image-preview:large","max-video-preview":"max-video-preview:-1"},"canonical":"https:\/\/lilotpilates.com\/","og_locale":"fr_FR","og_type":"article","og_title":"L\u2019\u00eelot Pilates Cours de Pilates en petits groupes aux Sables d'Olonne","og_description":"Rejoignez un cours de Pilates en petits groupes aux Sables d'Olonne : renforcez votre corps, am\u00e9liorez votre souplesse et votre posture.","og_url":"https:\/\/lilotpilates.com\/","og_site_name":"L\u2019\u00eelot Pilates","article_modified_time":"2026-03-24T22:27:33+00:00","og_image":[{"width":2560,"height":1707,"url":"https:\/\/lilotpilates.com\/wp-content\/uploads\/2025\/05\/full-shot-women-practicing-pilates-scaled.jpg","type":"image\/jpeg"}],"twitter_card":"summary_large_image","twitter_misc":{"Dur\u00e9e de lecture estim\u00e9e":"2 minutes"},"schema":{"@context":"https:\/\/schema.org","@graph":[{"@type":"WebPage","@id":"https:\/\/lilotpilates.com\/","url":"https:\/\/lilotpilates.com\/","name":"L\u2019\u00eelot Pilates Cours de Pilates en petits groupes aux Sables d'Olonne","isPartOf":{"@id":"https:\/\/lilotpilates.com\/#website"},"primaryImageOfPage":{"@id":"https:\/\/lilotpilates.com\/#primaryimage"},"image":{"@id":"https:\/\/lilotpilates.com\/#primaryimage"},"thumbnailUrl":"https:\/\/lilotpilates.com\/wp-content\/uploads\/2025\/05\/full-shot-women-practicing-pilates-1024x683.jpg","datePublished":"2025-05-14T20:01:44+00:00","dateModified":"2026-03-24T22:27:33+00:00","description":"Rejoignez un cours de Pilates en petits groupes aux Sables d'Olonne : renforcez votre corps, am\u00e9liorez votre souplesse et votre posture.","breadcrumb":{"@id":"https:\/\/lilotpilates.com\/#breadcrumb"},"inLanguage":"fr-FR","potentialAction":[{"@type":"ReadAction","target":["https:\/\/lilotpilates.com\/"]}]},{"@type":"ImageObject","inLanguage":"fr-FR","@id":"https:\/\/lilotpilates.com\/#primaryimage","url":"https:\/\/lilotpilates.com\/wp-content\/uploads\/2025\/05\/full-shot-women-practicing-pilates-scaled.jpg","contentUrl":"https:\/\/lilotpilates.com\/wp-content\/uploads\/2025\/05\/full-shot-women-practicing-pilates-scaled.jpg","width":2560,"height":1707,"caption":"Pilates-tapis-collectif"},{"@type":"BreadcrumbList","@id":"https:\/\/lilotpilates.com\/#breadcrumb","itemListElement":[{"@type":"ListItem","position":1,"name":"Accueil","item":"https:\/\/lilotpilates.com\/"},{"@type":"ListItem","position":2,"name":"Accueil"}]},{"@type":"WebSite","@id":"https:\/\/lilotpilates.com\/#website","url":"https:\/\/lilotpilates.com\/","name":"L\u2019\u00eelot Pilates","description":"Respirer. Bouger. Se renforcer.","potentialAction":[{"@type":"SearchAction","target":{"@type":"EntryPoint","urlTemplate":"https:\/\/lilotpilates.com\/?s={search_term_string}"},"query-input":{"@type":"PropertyValueSpecification","valueRequired":true,"valueName":"search_term_string"}}],"inLanguage":"fr-FR"}]}},"_links":{"self":[{"href":"https:\/\/lilotpilates.com\/index.php\/wp-json\/wp\/v2\/pages\/120","targetHints":{"allow":["GET"]}}],"collection":[{"href":"https:\/\/lilotpilates.com\/index.php\/wp-json\/wp\/v2\/pages"}],"about":[{"href":"https:\/\/lilotpilates.com\/index.php\/wp-json\/wp\/v2\/types\/page"}],"author":[{"embeddable":true,"href":"https:\/\/lilotpilates.com\/index.php\/wp-json\/wp\/v2\/users\/1"}],"replies":[{"embeddable":true,"href":"https:\/\/lilotpilates.com\/index.php\/wp-json\/wp\/v2\/comments?post=120"}],"version-history":[{"count":49,"href":"https:\/\/lilotpilates.com\/index.php\/wp-json\/wp\/v2\/pages\/120\/revisions"}],"predecessor-version":[{"id":568,"href":"https:\/\/lilotpilates.com\/index.php\/wp-json\/wp\/v2\/pages\/120\/revisions\/568"}],"wp:attachment":[{"href":"https:\/\/lilotpilates.com\/index.php\/wp-json\/wp\/v2\/media?parent=120"}],"curies":[{"name":"wp","href":"https:\/\/api.w.org\/{rel}","templated":true}]}}